{"id":1105,"date":"2024-12-16T13:49:06","date_gmt":"2024-12-16T13:49:06","guid":{"rendered":"https:\/\/goswahiliadventure.com\/kontakt\/"},"modified":"2025-07-05T07:53:58","modified_gmt":"2025-07-05T07:53:58","slug":"kontakt","status":"publish","type":"page","link":"https:\/\/goswahiliadventure.com\/de\/kontakt\/","title":{"rendered":"Kontakt"},"content":{"rendered":"\t\t<div data-elementor-type=\"wp-page\" data-elementor-id=\"1105\" class=\"elementor elementor-1105\" data-elementor-post-type=\"page\">\n\t\t\t\t<div class=\"elementor-element elementor-element-401d541e e-flex e-con-boxed e-con e-parent\" data-id=\"401d541e\" data-element_type=\"container\" data-settings=\"{&quot;background_background&quot;:&quot;classic&quot;}\">\n\t\t\t\t\t<div class=\"e-con-inner\">\n\t\t\t\t<div class=\"elementor-element elementor-element-5252a3e3 elementor-icon-list--layout-inline elementor-align-center elementor-list-item-link-full_width elementor-widget elementor-widget-icon-list\" data-id=\"5252a3e3\" data-element_type=\"widget\" data-widget_type=\"icon-list.default\">\n\t\t\t\t<div class=\"elementor-widget-container\">\n\t\t\t\t\t\t\t<ul class=\"elementor-icon-list-items elementor-inline-items\">\n\t\t\t\t\t\t\t<li class=\"elementor-icon-list-item elementor-inline-item\">\n\t\t\t\t\t\t\t\t\t\t<span class=\"elementor-icon-list-text\">Heim<\/span>\n\t\t\t\t\t\t\t\t\t<\/li>\n\t\t\t\t\t\t\t\t<li class=\"elementor-icon-list-item elementor-inline-item\">\n\t\t\t\t\t\t\t\t\t\t\t<span class=\"elementor-icon-list-icon\">\n\t\t\t\t\t\t\t<i aria-hidden=\"true\" class=\"jki jki-right-arrow-8\"><\/i>\t\t\t\t\t\t<\/span>\n\t\t\t\t\t\t\t\t\t\t<span class=\"elementor-icon-list-text\">Kontaktieren Sie uns<\/span>\n\t\t\t\t\t\t\t\t\t<\/li>\n\t\t\t\t\t\t<\/ul>\n\t\t\t\t\t\t<\/div>\n\t\t\t\t<\/div>\n\t\t\t\t<div class=\"elementor-element elementor-element-23bc53f elementor-widget elementor-widget-heading\" data-id=\"23bc53f\" data-element_type=\"widget\" data-widget_type=\"heading.default\">\n\t\t\t\t<div class=\"elementor-widget-container\">\n\t\t\t\t\t<h2 class=\"elementor-heading-title elementor-size-default\">Kontaktieren Sie uns<\/h2>\t\t\t\t<\/div>\n\t\t\t\t<\/div>\n\t\t\t\t\t<\/div>\n\t\t\t\t<\/div>\n\t\t<div class=\"elementor-element elementor-element-75a20f6f e-flex e-con-boxed e-con e-parent\" data-id=\"75a20f6f\" data-element_type=\"container\">\n\t\t\t\t\t<div class=\"e-con-inner\">\n\t\t<div class=\"elementor-element elementor-element-41baa73d e-flex e-con-boxed e-con e-child\" data-id=\"41baa73d\" data-element_type=\"container\">\n\t\t\t\t\t<div class=\"e-con-inner\">\n\t\t<div class=\"elementor-element elementor-element-2cc1665d e-con-full e-flex e-con e-child\" data-id=\"2cc1665d\" data-element_type=\"container\">\n\t\t\t\t<div class=\"elementor-element elementor-element-22b30987 elementor-widget elementor-widget-jkit_heading\" data-id=\"22b30987\" data-element_type=\"widget\" data-widget_type=\"jkit_heading.default\">\n\t\t\t\t<div class=\"elementor-widget-container\">\n\t\t\t\t\t<div  class=\"jeg-elementor-kit jkit-heading  align- align-tablet- align-mobile- jeg_module___69e6271d9391d\" ><div class=\"heading-section-title  display-inline-block\"><h2 class=\"heading-title\">Beginnen Sie Ihre Reisegeschichte mit uns. Z\u00f6gern Sie nicht, uns zu kontaktieren<span class=\"style-color\"><span> contact us<\/span><\/span><\/h2><\/div><\/div>\t\t\t\t<\/div>\n\t\t\t\t<\/div>\n\t\t\t\t<\/div>\n\t\t<div class=\"elementor-element elementor-element-4bebbb56 e-con-full e-flex e-con e-child\" data-id=\"4bebbb56\" data-element_type=\"container\">\n\t\t\t\t<div class=\"elementor-element elementor-element-54230a3e elementor-widget elementor-widget-text-editor\" data-id=\"54230a3e\" data-element_type=\"widget\" data-widget_type=\"text-editor.default\">\n\t\t\t\t<div class=\"elementor-widget-container\">\n\t\t\t\t\t\t\t\t\t<h5><em><span style=\"color: #008000;\">Sie haben Fragen zu Ihrer n\u00e4chsten Reise, ben\u00f6tigen Reisetipps oder Hilfe bei der Buchung? Unsere Reiseexperten helfen Ihnen gerne weiter. Egal, ob Sie einen erholsamen Kurzurlaub oder ein adrenalingeladenes Abenteuer planen, wir sind nur eine Nachricht entfernt!<\/span><\/em><\/h5>\t\t\t\t\t\t\t\t<\/div>\n\t\t\t\t<\/div>\n\t\t\t\t<\/div>\n\t\t\t\t\t<\/div>\n\t\t\t\t<\/div>\n\t\t<div class=\"elementor-element elementor-element-21ff25b7 e-flex e-con-boxed e-con e-child\" data-id=\"21ff25b7\" data-element_type=\"container\">\n\t\t\t\t\t<div class=\"e-con-inner\">\n\t\t<div class=\"elementor-element elementor-element-5c474931 e-con-full e-flex e-con e-child\" data-id=\"5c474931\" data-element_type=\"container\">\n\t\t\t\t<div class=\"elementor-element elementor-element-fcaf3eb elementor-widget elementor-widget-text-editor\" data-id=\"fcaf3eb\" data-element_type=\"widget\" data-widget_type=\"text-editor.default\">\n\t\t\t\t<div class=\"elementor-widget-container\">\n\t\t\t\t\t\t\t\t\t<p>Lorem ipsum dolor sit amet, consectetur adipiscing elit. Ut elit tellus, luctus nec ullamcorper mattis, pulvinar dapibus leo.<\/p>\t\t\t\t\t\t\t\t<\/div>\n\t\t\t\t<\/div>\n\t\t\t\t<\/div>\n\t\t<div class=\"elementor-element elementor-element-315c8df8 e-con-full e-flex e-con e-child\" data-id=\"315c8df8\" data-element_type=\"container\">\n\t\t<div class=\"elementor-element elementor-element-603d91ba e-con-full e-flex e-con e-child\" data-id=\"603d91ba\" data-element_type=\"container\">\n\t\t<div class=\"elementor-element elementor-element-34d186e3 e-con-full e-flex e-con e-child\" data-id=\"34d186e3\" data-element_type=\"container\">\n\t\t<div class=\"elementor-element elementor-element-419ca26a e-con-full e-flex e-con e-child\" data-id=\"419ca26a\" data-element_type=\"container\">\n\t\t\t\t<div class=\"elementor-element elementor-element-4607be3d jkit-equal-height-disable elementor-widget elementor-widget-jkit_icon_box\" data-id=\"4607be3d\" data-element_type=\"widget\" data-widget_type=\"jkit_icon_box.default\">\n\t\t\t\t<div class=\"elementor-widget-container\">\n\t\t\t\t\t<div  class=\"jeg-elementor-kit jkit-icon-box icon-position-left elementor-animation- jeg_module__1_69e6271d983d5\" ><div class=\"jkit-icon-box-wrapper hover-from-left\"><div class=\"icon-box icon-box-header elementor-animation-\"><div class=\"icon style-color\"><i aria-hidden=\"true\" class=\"jki jki-map-marker1-light\"><\/i><\/div><\/div><div class=\"icon-box icon-box-body\">\n                <h2 class=\"title\">B\u00fcroadresse<\/h2><p class=\"icon-box-description\">Bondeni St, Arusha 23102<\/p>\n            <\/div>\n            \n            <\/div><\/div>\t\t\t\t<\/div>\n\t\t\t\t<\/div>\n\t\t\t\t<\/div>\n\t\t<div class=\"elementor-element elementor-element-3d260274 e-con-full e-flex e-con e-child\" data-id=\"3d260274\" data-element_type=\"container\">\n\t\t\t\t<div class=\"elementor-element elementor-element-596c6a9e jkit-equal-height-disable elementor-widget elementor-widget-jkit_icon_box\" data-id=\"596c6a9e\" data-element_type=\"widget\" data-widget_type=\"jkit_icon_box.default\">\n\t\t\t\t<div class=\"elementor-widget-container\">\n\t\t\t\t\t<div  class=\"jeg-elementor-kit jkit-icon-box icon-position-left elementor-animation- jeg_module__2_69e6271d99086\" ><div class=\"jkit-icon-box-wrapper hover-from-left\"><div class=\"icon-box icon-box-header elementor-animation-\"><div class=\"icon style-color\"><i aria-hidden=\"true\" class=\"jki jki-envelope2-light\"><\/i><\/div><\/div><div class=\"icon-box icon-box-body\">\n                <h2 class=\"title\">E-Mail-Adresse<\/h2><p class=\"icon-box-description\">go@goswahiliadventure.com<\/p>\n            <\/div>\n            \n            <\/div><\/div>\t\t\t\t<\/div>\n\t\t\t\t<\/div>\n\t\t\t\t<\/div>\n\t\t\t\t<\/div>\n\t\t<div class=\"elementor-element elementor-element-5f70ab7 e-con-full e-flex e-con e-child\" data-id=\"5f70ab7\" data-element_type=\"container\">\n\t\t<div class=\"elementor-element elementor-element-774041d e-con-full e-flex e-con e-child\" data-id=\"774041d\" data-element_type=\"container\">\n\t\t\t\t<div class=\"elementor-element elementor-element-543c8d32 jkit-equal-height-disable elementor-widget elementor-widget-jkit_icon_box\" data-id=\"543c8d32\" data-element_type=\"widget\" data-widget_type=\"jkit_icon_box.default\">\n\t\t\t\t<div class=\"elementor-widget-container\">\n\t\t\t\t\t<div  class=\"jeg-elementor-kit jkit-icon-box icon-position-left elementor-animation- jeg_module__3_69e6271d99dd0\" ><div class=\"jkit-icon-box-wrapper hover-from-left\"><div class=\"icon-box icon-box-header elementor-animation-\"><div class=\"icon style-color\"><i aria-hidden=\"true\" class=\"jki jki-phone-call1-light\"><\/i><\/div><\/div><div class=\"icon-box icon-box-body\">\n                <h2 class=\"title\">B\u00fcrotelefonnummer<\/h2><p class=\"icon-box-description\">+255 783 610 908<\/p>\n            <\/div>\n            \n            <\/div><\/div>\t\t\t\t<\/div>\n\t\t\t\t<\/div>\n\t\t\t\t<\/div>\n\t\t<div class=\"elementor-element elementor-element-49aaec1 e-con-full e-flex e-con e-child\" data-id=\"49aaec1\" data-element_type=\"container\">\n\t\t\t\t<div class=\"elementor-element elementor-element-790830c9 elementor-widget elementor-widget-heading\" data-id=\"790830c9\" data-element_type=\"widget\" data-widget_type=\"heading.default\">\n\t\t\t\t<div class=\"elementor-widget-container\">\n\t\t\t\t\t<h2 class=\"elementor-heading-title elementor-size-default\">Folgen Sie uns auf:<\/h2>\t\t\t\t<\/div>\n\t\t\t\t<\/div>\n\t\t\t\t<div class=\"elementor-element elementor-element-64c8b869 e-grid-align-left e-grid-align-tablet-left elementor-shape-rounded elementor-grid-0 elementor-widget elementor-widget-social-icons\" data-id=\"64c8b869\" data-element_type=\"widget\" data-widget_type=\"social-icons.default\">\n\t\t\t\t<div class=\"elementor-widget-container\">\n\t\t\t\t\t\t\t<div class=\"elementor-social-icons-wrapper elementor-grid\">\n\t\t\t\t\t\t\t<span class=\"elementor-grid-item\">\n\t\t\t\t\t<a class=\"elementor-icon elementor-social-icon elementor-social-icon-facebook elementor-repeater-item-a079847\" target=\"_blank\">\n\t\t\t\t\t\t<span class=\"elementor-screen-only\">Facebook<\/span>\n\t\t\t\t\t\t<svg class=\"e-font-icon-svg e-fab-facebook\" viewBox=\"0 0 512 512\" xmlns=\"http:\/\/www.w3.org\/2000\/svg\"><path d=\"M504 256C504 119 393 8 256 8S8 119 8 256c0 123.78 90.69 226.38 209.25 245V327.69h-63V256h63v-54.64c0-62.15 37-96.48 93.67-96.48 27.14 0 55.52 4.84 55.52 4.84v61h-31.28c-30.8 0-40.41 19.12-40.41 38.73V256h68.78l-11 71.69h-57.78V501C413.31 482.38 504 379.78 504 256z\"><\/path><\/svg>\t\t\t\t\t<\/a>\n\t\t\t\t<\/span>\n\t\t\t\t\t\t\t<span class=\"elementor-grid-item\">\n\t\t\t\t\t<a class=\"elementor-icon elementor-social-icon elementor-social-icon-twitter elementor-repeater-item-824d38f\" target=\"_blank\">\n\t\t\t\t\t\t<span class=\"elementor-screen-only\">Twitter<\/span>\n\t\t\t\t\t\t<svg class=\"e-font-icon-svg e-fab-twitter\" viewBox=\"0 0 512 512\" xmlns=\"http:\/\/www.w3.org\/2000\/svg\"><path d=\"M459.37 151.716c.325 4.548.325 9.097.325 13.645 0 138.72-105.583 298.558-298.558 298.558-59.452 0-114.68-17.219-161.137-47.106 8.447.974 16.568 1.299 25.34 1.299 49.055 0 94.213-16.568 130.274-44.832-46.132-.975-84.792-31.188-98.112-72.772 6.498.974 12.995 1.624 19.818 1.624 9.421 0 18.843-1.3 27.614-3.573-48.081-9.747-84.143-51.98-84.143-102.985v-1.299c13.969 7.797 30.214 12.67 47.431 13.319-28.264-18.843-46.781-51.005-46.781-87.391 0-19.492 5.197-37.36 14.294-52.954 51.655 63.675 129.3 105.258 216.365 109.807-1.624-7.797-2.599-15.918-2.599-24.04 0-57.828 46.782-104.934 104.934-104.934 30.213 0 57.502 12.67 76.67 33.137 23.715-4.548 46.456-13.32 66.599-25.34-7.798 24.366-24.366 44.833-46.132 57.827 21.117-2.273 41.584-8.122 60.426-16.243-14.292 20.791-32.161 39.308-52.628 54.253z\"><\/path><\/svg>\t\t\t\t\t<\/a>\n\t\t\t\t<\/span>\n\t\t\t\t\t\t\t<span class=\"elementor-grid-item\">\n\t\t\t\t\t<a class=\"elementor-icon elementor-social-icon elementor-social-icon-youtube elementor-repeater-item-5e2374f\" target=\"_blank\">\n\t\t\t\t\t\t<span class=\"elementor-screen-only\">Youtube<\/span>\n\t\t\t\t\t\t<svg class=\"e-font-icon-svg e-fab-youtube\" viewBox=\"0 0 576 512\" xmlns=\"http:\/\/www.w3.org\/2000\/svg\"><path d=\"M549.655 124.083c-6.281-23.65-24.787-42.276-48.284-48.597C458.781 64 288 64 288 64S117.22 64 74.629 75.486c-23.497 6.322-42.003 24.947-48.284 48.597-11.412 42.867-11.412 132.305-11.412 132.305s0 89.438 11.412 132.305c6.281 23.65 24.787 41.5 48.284 47.821C117.22 448 288 448 288 448s170.78 0 213.371-11.486c23.497-6.321 42.003-24.171 48.284-47.821 11.412-42.867 11.412-132.305 11.412-132.305s0-89.438-11.412-132.305zm-317.51 213.508V175.185l142.739 81.205-142.739 81.201z\"><\/path><\/svg>\t\t\t\t\t<\/a>\n\t\t\t\t<\/span>\n\t\t\t\t\t\t\t<span class=\"elementor-grid-item\">\n\t\t\t\t\t<a class=\"elementor-icon elementor-social-icon elementor-social-icon-telegram-plane elementor-repeater-item-62380ea\" target=\"_blank\">\n\t\t\t\t\t\t<span class=\"elementor-screen-only\">Telegram-plane<\/span>\n\t\t\t\t\t\t<svg class=\"e-font-icon-svg e-fab-telegram-plane\" viewBox=\"0 0 448 512\" xmlns=\"http:\/\/www.w3.org\/2000\/svg\"><path d=\"M446.7 98.6l-67.6 318.8c-5.1 22.5-18.4 28.1-37.3 17.5l-103-75.9-49.7 47.8c-5.5 5.5-10.1 10.1-20.7 10.1l7.4-104.9 190.9-172.5c8.3-7.4-1.8-11.5-12.9-4.1L117.8 284 16.2 252.2c-22.1-6.9-22.5-22.1 4.6-32.7L418.2 66.4c18.4-6.9 34.5 4.1 28.5 32.2z\"><\/path><\/svg>\t\t\t\t\t<\/a>\n\t\t\t\t<\/span>\n\t\t\t\t\t\t\t<span class=\"elementor-grid-item\">\n\t\t\t\t\t<a class=\"elementor-icon elementor-social-icon elementor-social-icon-instagram elementor-repeater-item-44aaa54\" target=\"_blank\">\n\t\t\t\t\t\t<span class=\"elementor-screen-only\">Instagram<\/span>\n\t\t\t\t\t\t<svg class=\"e-font-icon-svg e-fab-instagram\" viewBox=\"0 0 448 512\" xmlns=\"http:\/\/www.w3.org\/2000\/svg\"><path d=\"M224.1 141c-63.6 0-114.9 51.3-114.9 114.9s51.3 114.9 114.9 114.9S339 319.5 339 255.9 287.7 141 224.1 141zm0 189.6c-41.1 0-74.7-33.5-74.7-74.7s33.5-74.7 74.7-74.7 74.7 33.5 74.7 74.7-33.6 74.7-74.7 74.7zm146.4-194.3c0 14.9-12 26.8-26.8 26.8-14.9 0-26.8-12-26.8-26.8s12-26.8 26.8-26.8 26.8 12 26.8 26.8zm76.1 27.2c-1.7-35.9-9.9-67.7-36.2-93.9-26.2-26.2-58-34.4-93.9-36.2-37-2.1-147.9-2.1-184.9 0-35.8 1.7-67.6 9.9-93.9 36.1s-34.4 58-36.2 93.9c-2.1 37-2.1 147.9 0 184.9 1.7 35.9 9.9 67.7 36.2 93.9s58 34.4 93.9 36.2c37 2.1 147.9 2.1 184.9 0 35.9-1.7 67.7-9.9 93.9-36.2 26.2-26.2 34.4-58 36.2-93.9 2.1-37 2.1-147.8 0-184.8zM398.8 388c-7.8 19.6-22.9 34.7-42.6 42.6-29.5 11.7-99.5 9-132.1 9s-102.7 2.6-132.1-9c-19.6-7.8-34.7-22.9-42.6-42.6-11.7-29.5-9-99.5-9-132.1s-2.6-102.7 9-132.1c7.8-19.6 22.9-34.7 42.6-42.6 29.5-11.7 99.5-9 132.1-9s102.7-2.6 132.1 9c19.6 7.8 34.7 22.9 42.6 42.6 11.7 29.5 9 99.5 9 132.1s2.7 102.7-9 132.1z\"><\/path><\/svg>\t\t\t\t\t<\/a>\n\t\t\t\t<\/span>\n\t\t\t\t\t<\/div>\n\t\t\t\t\t\t<\/div>\n\t\t\t\t<\/div>\n\t\t\t\t<\/div>\n\t\t\t\t<\/div>\n\t\t\t\t<\/div>\n\t\t\t\t<\/div>\n\t\t\t\t\t<\/div>\n\t\t\t\t<\/div>\n\t\t\t\t\t<\/div>\n\t\t\t\t<\/div>\n\t\t<div class=\"elementor-element elementor-element-142f2e71 e-flex e-con-boxed e-con e-parent\" data-id=\"142f2e71\" data-element_type=\"container\">\n\t\t\t\t\t<div class=\"e-con-inner\">\n\t\t<div class=\"elementor-element elementor-element-42f0985b e-flex e-con-boxed e-con e-child\" data-id=\"42f0985b\" data-element_type=\"container\">\n\t\t\t\t\t<div class=\"e-con-inner\">\n\t\t\t\t<div class=\"elementor-element elementor-element-af6292e elementor-widget elementor-widget-google_maps\" data-id=\"af6292e\" data-element_type=\"widget\" data-widget_type=\"google_maps.default\">\n\t\t\t\t<div class=\"elementor-widget-container\">\n\t\t\t\t\t\t\t<div class=\"elementor-custom-embed\">\n\t\t\t<iframe loading=\"lazy\"\n\t\t\t\t\tsrc=\"https:\/\/maps.google.com\/maps?q=GoSwahili%20Adventure&#038;t=m&#038;z=16&#038;output=embed&#038;iwloc=near\"\n\t\t\t\t\ttitle=\"GoSwahili Adventure\"\n\t\t\t\t\taria-label=\"GoSwahili Adventure\"\n\t\t\t><\/iframe>\n\t\t<\/div>\n\t\t\t\t\t\t<\/div>\n\t\t\t\t<\/div>\n\t\t\t\t\t<\/div>\n\t\t\t\t<\/div>\n\t\t\t\t\t<\/div>\n\t\t\t\t<\/div>\n\t\t\t\t<\/div>\n\t\t","protected":false},"excerpt":{"rendered":"<p>Heim Kontaktieren Sie uns Kontaktieren Sie uns Beginnen Sie Ihre Reisegeschichte mit uns. Z\u00f6gern Sie nicht, uns zu kontaktieren contact us Sie haben Fragen zu Ihrer n\u00e4chsten Reise, ben\u00f6tigen Reisetipps oder Hilfe bei der Buchung? Unsere Reiseexperten helfen Ihnen gerne weiter. Egal, ob Sie einen erholsamen Kurzurlaub oder ein adrenalingeladenes Abenteuer planen, wir sind nur [&hellip;]<\/p>\n","protected":false},"author":1,"featured_media":0,"parent":0,"menu_order":0,"comment_status":"closed","ping_status":"closed","template":"elementor_header_footer","meta":{"footnotes":""},"class_list":["post-1105","page","type-page","status-publish","hentry"],"yoast_head":"<!-- This site is optimized with the Yoast SEO plugin v24.8.1 - https:\/\/yoast.com\/wordpress\/plugins\/seo\/ -->\n<title>Kontakt - GoSwahili Adventure<\/title>\n<meta name=\"robots\" content=\"index, follow, max-snippet:-1, max-image-preview:large, max-video-preview:-1\" \/>\n<link rel=\"canonical\" href=\"https:\/\/goswahiliadventure.com\/en\/contact-us\/\" \/>\n<meta property=\"og:locale\" content=\"de_DE\" \/>\n<meta property=\"og:type\" content=\"article\" \/>\n<meta property=\"og:title\" content=\"Kontakt - GoSwahili Adventure\" \/>\n<meta property=\"og:description\" content=\"Heim Kontaktieren Sie uns Kontaktieren Sie uns Beginnen Sie Ihre Reisegeschichte mit uns. Z\u00f6gern Sie nicht, uns zu kontaktieren contact us Sie haben Fragen zu Ihrer n\u00e4chsten Reise, ben\u00f6tigen Reisetipps oder Hilfe bei der Buchung? Unsere Reiseexperten helfen Ihnen gerne weiter. Egal, ob Sie einen erholsamen Kurzurlaub oder ein adrenalingeladenes Abenteuer planen, wir sind nur [&hellip;]\" \/>\n<meta property=\"og:url\" content=\"https:\/\/goswahiliadventure.com\/en\/contact-us\/\" \/>\n<meta property=\"og:site_name\" content=\"GoSwahili Adventure\" \/>\n<meta property=\"article:publisher\" content=\"https:\/\/www.facebook.com\/GoSwahiliAdventure?mibextid=wwXIfr&amp;rdid=YyYoXYpEJYG3biBn&amp;share_url=httpswww.facebook.comshare15seWCRZNJmibextidwwXIfr#\" \/>\n<meta property=\"article:modified_time\" content=\"2025-07-05T07:53:58+00:00\" \/>\n<meta name=\"twitter:card\" content=\"summary_large_image\" \/>\n<meta name=\"twitter:label1\" content=\"Gesch\u00e4tzte Lesezeit\" \/>\n\t<meta name=\"twitter:data1\" content=\"1\u00a0Minute\" \/>\n<script type=\"application\/ld+json\" class=\"yoast-schema-graph\">{\"@context\":\"https:\/\/schema.org\",\"@graph\":[{\"@type\":\"WebPage\",\"@id\":\"https:\/\/goswahiliadventure.com\/en\/contact-us\/\",\"url\":\"https:\/\/goswahiliadventure.com\/en\/contact-us\/\",\"name\":\"Kontakt - GoSwahili Adventure\",\"isPartOf\":{\"@id\":\"https:\/\/goswahiliadventure.com\/de\/#website\"},\"datePublished\":\"2024-12-16T13:49:06+00:00\",\"dateModified\":\"2025-07-05T07:53:58+00:00\",\"breadcrumb\":{\"@id\":\"https:\/\/goswahiliadventure.com\/en\/contact-us\/#breadcrumb\"},\"inLanguage\":\"de\",\"potentialAction\":[{\"@type\":\"ReadAction\",\"target\":[\"https:\/\/goswahiliadventure.com\/en\/contact-us\/\"]}]},{\"@type\":\"BreadcrumbList\",\"@id\":\"https:\/\/goswahiliadventure.com\/en\/contact-us\/#breadcrumb\",\"itemListElement\":[{\"@type\":\"ListItem\",\"position\":1,\"name\":\"Home\",\"item\":\"https:\/\/goswahiliadventure.com\/de\/\"},{\"@type\":\"ListItem\",\"position\":2,\"name\":\"Kontakt\"}]},{\"@type\":\"WebSite\",\"@id\":\"https:\/\/goswahiliadventure.com\/de\/#website\",\"url\":\"https:\/\/goswahiliadventure.com\/de\/\",\"name\":\"Go Swahili adventure\",\"description\":\"Travel and Hospitality\",\"publisher\":{\"@id\":\"https:\/\/goswahiliadventure.com\/de\/#organization\"},\"potentialAction\":[{\"@type\":\"SearchAction\",\"target\":{\"@type\":\"EntryPoint\",\"urlTemplate\":\"https:\/\/goswahiliadventure.com\/de\/?s={search_term_string}\"},\"query-input\":{\"@type\":\"PropertyValueSpecification\",\"valueRequired\":true,\"valueName\":\"search_term_string\"}}],\"inLanguage\":\"de\"},{\"@type\":\"Organization\",\"@id\":\"https:\/\/goswahiliadventure.com\/de\/#organization\",\"name\":\"Go Swahili adventure\",\"url\":\"https:\/\/goswahiliadventure.com\/de\/\",\"logo\":{\"@type\":\"ImageObject\",\"inLanguage\":\"de\",\"@id\":\"https:\/\/goswahiliadventure.com\/de\/#\/schema\/logo\/image\/\",\"url\":\"https:\/\/goswahiliadventure.com\/wp-content\/uploads\/2025\/03\/IMG_8940-1-scaled-1.jpg\",\"contentUrl\":\"https:\/\/goswahiliadventure.com\/wp-content\/uploads\/2025\/03\/IMG_8940-1-scaled-1.jpg\",\"width\":2560,\"height\":1920,\"caption\":\"Go Swahili adventure\"},\"image\":{\"@id\":\"https:\/\/goswahiliadventure.com\/de\/#\/schema\/logo\/image\/\"},\"sameAs\":[\"https:\/\/www.facebook.com\/GoSwahiliAdventure?mibextid=wwXIfr&rdid=YyYoXYpEJYG3biBn&share_url=httpswww.facebook.comshare15seWCRZNJmibextidwwXIfr#\",\"https:\/\/www.instagram.com\/goswahili_adventure?igsh=MTlsOXRwZTJwc2c1NQ&utm_source=qr\"]}]}<\/script>\n<!-- \/ Yoast SEO plugin. -->","yoast_head_json":{"title":"Kontakt - GoSwahili Adventure","robots":{"index":"index","follow":"follow","max-snippet":"max-snippet:-1","max-image-preview":"max-image-preview:large","max-video-preview":"max-video-preview:-1"},"canonical":"https:\/\/goswahiliadventure.com\/en\/contact-us\/","og_locale":"de_DE","og_type":"article","og_title":"Kontakt - GoSwahili Adventure","og_description":"Heim Kontaktieren Sie uns Kontaktieren Sie uns Beginnen Sie Ihre Reisegeschichte mit uns. Z\u00f6gern Sie nicht, uns zu kontaktieren contact us Sie haben Fragen zu Ihrer n\u00e4chsten Reise, ben\u00f6tigen Reisetipps oder Hilfe bei der Buchung? Unsere Reiseexperten helfen Ihnen gerne weiter. Egal, ob Sie einen erholsamen Kurzurlaub oder ein adrenalingeladenes Abenteuer planen, wir sind nur [&hellip;]","og_url":"https:\/\/goswahiliadventure.com\/en\/contact-us\/","og_site_name":"GoSwahili Adventure","article_publisher":"https:\/\/www.facebook.com\/GoSwahiliAdventure?mibextid=wwXIfr&rdid=YyYoXYpEJYG3biBn&share_url=httpswww.facebook.comshare15seWCRZNJmibextidwwXIfr#","article_modified_time":"2025-07-05T07:53:58+00:00","twitter_card":"summary_large_image","twitter_misc":{"Gesch\u00e4tzte Lesezeit":"1\u00a0Minute"},"schema":{"@context":"https:\/\/schema.org","@graph":[{"@type":"WebPage","@id":"https:\/\/goswahiliadventure.com\/en\/contact-us\/","url":"https:\/\/goswahiliadventure.com\/en\/contact-us\/","name":"Kontakt - GoSwahili Adventure","isPartOf":{"@id":"https:\/\/goswahiliadventure.com\/de\/#website"},"datePublished":"2024-12-16T13:49:06+00:00","dateModified":"2025-07-05T07:53:58+00:00","breadcrumb":{"@id":"https:\/\/goswahiliadventure.com\/en\/contact-us\/#breadcrumb"},"inLanguage":"de","potentialAction":[{"@type":"ReadAction","target":["https:\/\/goswahiliadventure.com\/en\/contact-us\/"]}]},{"@type":"BreadcrumbList","@id":"https:\/\/goswahiliadventure.com\/en\/contact-us\/#breadcrumb","itemListElement":[{"@type":"ListItem","position":1,"name":"Home","item":"https:\/\/goswahiliadventure.com\/de\/"},{"@type":"ListItem","position":2,"name":"Kontakt"}]},{"@type":"WebSite","@id":"https:\/\/goswahiliadventure.com\/de\/#website","url":"https:\/\/goswahiliadventure.com\/de\/","name":"Go Swahili adventure","description":"Travel and Hospitality","publisher":{"@id":"https:\/\/goswahiliadventure.com\/de\/#organization"},"potentialAction":[{"@type":"SearchAction","target":{"@type":"EntryPoint","urlTemplate":"https:\/\/goswahiliadventure.com\/de\/?s={search_term_string}"},"query-input":{"@type":"PropertyValueSpecification","valueRequired":true,"valueName":"search_term_string"}}],"inLanguage":"de"},{"@type":"Organization","@id":"https:\/\/goswahiliadventure.com\/de\/#organization","name":"Go Swahili adventure","url":"https:\/\/goswahiliadventure.com\/de\/","logo":{"@type":"ImageObject","inLanguage":"de","@id":"https:\/\/goswahiliadventure.com\/de\/#\/schema\/logo\/image\/","url":"https:\/\/goswahiliadventure.com\/wp-content\/uploads\/2025\/03\/IMG_8940-1-scaled-1.jpg","contentUrl":"https:\/\/goswahiliadventure.com\/wp-content\/uploads\/2025\/03\/IMG_8940-1-scaled-1.jpg","width":2560,"height":1920,"caption":"Go Swahili adventure"},"image":{"@id":"https:\/\/goswahiliadventure.com\/de\/#\/schema\/logo\/image\/"},"sameAs":["https:\/\/www.facebook.com\/GoSwahiliAdventure?mibextid=wwXIfr&rdid=YyYoXYpEJYG3biBn&share_url=httpswww.facebook.comshare15seWCRZNJmibextidwwXIfr#","https:\/\/www.instagram.com\/goswahili_adventure?igsh=MTlsOXRwZTJwc2c1NQ&utm_source=qr"]}]}},"_links":{"self":[{"href":"https:\/\/goswahiliadventure.com\/de\/wp-json\/wp\/v2\/pages\/1105","targetHints":{"allow":["GET"]}}],"collection":[{"href":"https:\/\/goswahiliadventure.com\/de\/wp-json\/wp\/v2\/pages"}],"about":[{"href":"https:\/\/goswahiliadventure.com\/de\/wp-json\/wp\/v2\/types\/page"}],"author":[{"embeddable":true,"href":"https:\/\/goswahiliadventure.com\/de\/wp-json\/wp\/v2\/users\/1"}],"replies":[{"embeddable":true,"href":"https:\/\/goswahiliadventure.com\/de\/wp-json\/wp\/v2\/comments?post=1105"}],"version-history":[{"count":37,"href":"https:\/\/goswahiliadventure.com\/de\/wp-json\/wp\/v2\/pages\/1105\/revisions"}],"predecessor-version":[{"id":2785,"href":"https:\/\/goswahiliadventure.com\/de\/wp-json\/wp\/v2\/pages\/1105\/revisions\/2785"}],"wp:attachment":[{"href":"https:\/\/goswahiliadventure.com\/de\/wp-json\/wp\/v2\/media?parent=1105"}],"curies":[{"name":"wp","href":"https:\/\/api.w.org\/{rel}","templated":true}]}}