{"id":1152,"date":"2024-12-16T08:06:16","date_gmt":"2024-12-16T08:06:16","guid":{"rendered":"https:\/\/goswahiliadventure.com\/ngorongoro-schutzgebiet\/"},"modified":"2025-01-28T13:26:39","modified_gmt":"2025-01-28T13:26:39","slug":"ngorongoro-schutzgebiet","status":"publish","type":"page","link":"https:\/\/goswahiliadventure.com\/de\/ngorongoro-schutzgebiet\/","title":{"rendered":"Ngorongoro-Schutzgebiet"},"content":{"rendered":"\t\t<div data-elementor-type=\"wp-page\" data-elementor-id=\"1152\" class=\"elementor elementor-1152\" data-elementor-post-type=\"page\">\n\t\t\t\t<div class=\"elementor-element elementor-element-236055a9 e-flex e-con-boxed e-con e-parent\" data-id=\"236055a9\" data-element_type=\"container\" data-settings=\"{&quot;background_background&quot;:&quot;classic&quot;}\">\n\t\t\t\t\t<div class=\"e-con-inner\">\n\t\t\t\t<div class=\"elementor-element elementor-element-578da312 elementor-icon-list--layout-inline elementor-align-center elementor-list-item-link-full_width elementor-widget elementor-widget-icon-list\" data-id=\"578da312\" data-element_type=\"widget\" data-widget_type=\"icon-list.default\">\n\t\t\t\t<div class=\"elementor-widget-container\">\n\t\t\t\t\t\t\t<ul class=\"elementor-icon-list-items elementor-inline-items\">\n\t\t\t\t\t\t\t<li class=\"elementor-icon-list-item elementor-inline-item\">\n\t\t\t\t\t\t\t\t\t\t<span class=\"elementor-icon-list-text\">Heim<\/span>\n\t\t\t\t\t\t\t\t\t<\/li>\n\t\t\t\t\t\t\t\t<li class=\"elementor-icon-list-item elementor-inline-item\">\n\t\t\t\t\t\t\t\t\t\t\t<span class=\"elementor-icon-list-icon\">\n\t\t\t\t\t\t\t<i aria-hidden=\"true\" class=\"jki jki-right-arrow-8\"><\/i>\t\t\t\t\t\t<\/span>\n\t\t\t\t\t\t\t\t\t\t<span class=\"elementor-icon-list-text\">Naturschutzgebiet Ngorongoro<\/span>\n\t\t\t\t\t\t\t\t\t<\/li>\n\t\t\t\t\t\t<\/ul>\n\t\t\t\t\t\t<\/div>\n\t\t\t\t<\/div>\n\t\t\t\t<div class=\"elementor-element elementor-element-3218d00f elementor-widget elementor-widget-heading\" data-id=\"3218d00f\" data-element_type=\"widget\" data-widget_type=\"heading.default\">\n\t\t\t\t<div class=\"elementor-widget-container\">\n\t\t\t\t\t<h2 class=\"elementor-heading-title elementor-size-default\">Naturschutzgebiet Ngorongoro<\/h2>\t\t\t\t<\/div>\n\t\t\t\t<\/div>\n\t\t\t\t\t<\/div>\n\t\t\t\t<\/div>\n\t\t<div class=\"elementor-element elementor-element-ff995e1 e-flex e-con-boxed e-con e-parent\" data-id=\"ff995e1\" data-element_type=\"container\">\n\t\t\t\t\t<div class=\"e-con-inner\">\n\t\t\t\t<div class=\"elementor-element elementor-element-4e92426 elementor-widget elementor-widget-jkit_heading\" data-id=\"4e92426\" data-element_type=\"widget\" data-widget_type=\"jkit_heading.default\">\n\t\t\t\t<div class=\"elementor-widget-container\">\n\t\t\t\t\t<div  class=\"jeg-elementor-kit jkit-heading  align- align-tablet- align-mobile- jeg_module___69e627c920fef\" ><div class=\"heading-section-title  display-inline-block\"><h2 class=\"heading-title\">Ein globaler Schatz an Biodiversit\u00e4t und Kultural Heritage<\/h2><\/div><\/div>\t\t\t\t<\/div>\n\t\t\t\t<\/div>\n\t\t\t\t<div class=\"elementor-element elementor-element-2a5565dc elementor-widget elementor-widget-text-editor\" data-id=\"2a5565dc\" data-element_type=\"widget\" data-widget_type=\"text-editor.default\">\n\t\t\t\t<div class=\"elementor-widget-container\">\n\t\t\t\t\t\t\t\t\t<p>Das <span style=\"color: #008000;\"><strong>Ngorongoro Conservation Area (NCA)<\/strong><\/span> im Norden Tansanias ist eines der bemerkenswertesten Naturschutzgebiete der Welt und vereint atemberaubende Landschaften, beispiellose Artenvielfalt und tiefe kulturelle Bedeutung. Es erstreckt sich \u00fcber etwa<span style=\"color: #008000;\"><strong> 8.292 Quadratkilometer (3.202 Quadratmeilen),<\/strong><\/span> ist ein UNESCO-Weltkulturerbe und integraler Bestandteil des Northern Safari Circuit Tansanias.<\/p><p>Das NCA ist insofern einzigartig, als es sowohl den Artenschutz als auch die traditionelle Lebensweise der einheimischen Massai unterst\u00fctzt und damit ein bahnbrechendes Modell f\u00fcr die <span style=\"color: #008000;\"><strong>Mehrzweck-Landbewirtschaftung darstellt<\/strong>.<\/span> Das vom ikonischen <span style=\"color: #008000;\"><strong>Ngorongoro-Krater<\/strong><\/span> dominierte Gebiet ist auch Teil des <span style=\"color: #008000;\"><strong>Serengeti-\u00d6kosystems<\/strong> <\/span>und tr\u00e4gt erheblich zum Schutz der Artenvielfalt Afrikas bei.<\/p><p>\u00a0<\/p><hr \/><h2><span style=\"color: #008000;\">Der Ngorongoro-Krater: Ein Naturwunder<\/span><\/h2><p>Im Herzen des Naturschutzgebiets liegt der <span style=\"color: #008000;\"><strong>Ngorongoro-Krater,<\/strong><\/span> die gr\u00f6\u00dfte intakte und ungef\u00fcllte vulkanische Caldera der Welt. Mit einem Durchmesser von etwa <span style=\"color: #008000;\"><strong>19 Kilometern und einer Fl\u00e4che von 264 Quadratkilometern<\/strong><\/span> ist der Krater ein in sich geschlossenes \u00d6kosystem, das eine au\u00dfergew\u00f6hnliche Konzentration an Wildtieren beherbergt.<\/p><p>Zu den wichtigsten Merkmalen des Kraters geh\u00f6ren:<\/p><ul><li><span style=\"color: #008000;\"><strong>Lerai-Wald:<\/strong><\/span> Ein \u00fcppiges Waldgebiet, in dem Elefanten, Leoparden und Affen leben.<\/li><li><span style=\"color: #008000;\"><strong>Makat-Soda-See<\/strong><\/span>: Ein flacher alkalischer See, der von Flamingos und anderen Wasserv\u00f6geln besucht wird.<\/li><li><span style=\"color: #008000;\"><strong>Offenes Grasland:<\/strong><\/span> Weite Ebenen, die gro\u00dfen Pflanzenfressern Weideland und Raubtieren Jagdgr\u00fcnde bieten.<\/li><\/ul><p>Der Ngorongoro-Krater wird aufgrund seiner geologischen Erhabenheit und dichten Wildtierpopulation oft als <span style=\"color: #008000;\">\u201e<\/span><strong><span style=\"color: #008000;\">achtes Weltwunder<\/span>\u201c<\/strong> bezeichnet.<\/p><p>\u00a0<\/p><hr \/><h2><span style=\"color: #008000;\">Au\u00dfergew\u00f6hnliche Artenvielfalt<\/span><\/h2><p>Das Naturschutzgebiet Ngorongoro ist die Heimat einer der dichtesten Wildtierpopulationen Afrikas und damit ein beliebtes Ziel f\u00fcr Safari-Enthusiasten und Natursch\u00fctzer. Zu den wichtigsten Arten z\u00e4hlen:<\/p><ul><li><strong><span style=\"color: #008000;\">Big Five<\/span>:<\/strong> L\u00f6wen, Leoparden, Elefanten, B\u00fcffel und Nash\u00f6rner (ein besonderes Highlight ist das vom Aussterben bedrohte Spitzmaulnashorn).<\/li><li><strong><span style=\"color: #008000;\">Pflanzenfresser<\/span>:<\/strong> Gro\u00dfe Herden von Gnus, Zebras und Gazellen gedeihen auf dem Kraterboden, und Flusspferde leben in seinen Gew\u00e4ssern.<\/li><li><strong><span style=\"color: #008000;\">Vogelwelt<\/span>:<\/strong> \u00dcber <strong><span style=\"color: #008000;\">500<\/span> <span style=\"color: #008000;\">Vogelarten,<\/span><\/strong> darunter Strau\u00dfe, Kronenkraniche und Sekret\u00e4rv\u00f6gel, tragen zur reichen Vogelvielfalt des Gebiets bei.<\/li><\/ul><p>Das NCA dient w\u00e4hrend der <strong>gro\u00dfen Migration<\/strong> auch als wichtiger Korridor f\u00fcr wandernde Arten wie Gnus und Zebras und verbindet den Serengeti-Nationalpark mit den umliegenden \u00d6kosystemen.<\/p><hr \/><h2><span style=\"color: #008000;\">Kulturelle Bedeutung<\/span><\/h2><p>Das Naturschutzgebiet Ngorongoro ist die <strong>Heimat der<\/strong> <strong>Massai<\/strong>, die seit Jahrhunderten im Einklang mit dem Land und seiner Tierwelt leben. Die Massai pflegen noch immer ihren traditionellen Lebensstil als Hirten und lassen ihr Vieh neben wilden Tieren weiden, ein Beweis f\u00fcr nachhaltige Koexistenz.<\/p><p>Zu den kulturellen Attraktionen der Gegend geh\u00f6ren:<\/p><ul><li><strong><span style=\"color: #008000;\">Maasai Bomas<\/span>:<\/strong> Besucher k\u00f6nnen die Kultur der Massai bei F\u00fchrungen durch traditionelle Geh\u00f6fte erleben, wo sie etwas \u00fcber ihre Br\u00e4uche, T\u00e4nze und Handwerkskunst erfahren.<\/li><li><span style=\"color: #008000;\"><strong>Olduva-Schlucht:<\/strong><\/span> Diese arch\u00e4ologische St\u00e4tte im NCA, bekannt als \u201eWiege der Menschheit\u201c, enth\u00e4lt einige der fr\u00fchesten Beweise f\u00fcr menschliche Vorfahren, darunter Entdeckungen der Familie Leakey, die unser Verst\u00e4ndnis der menschlichen Evolution revolutioniert haben.<\/li><\/ul><hr \/><h2><span style=\"color: #008000;\">Naturschutz und Landmanagement<\/span><\/h2><p>Das Naturschutzgebiet Ngorongoro ist ein bahnbrechendes Modell f\u00fcr integrierten Naturschutz, das den Schutz der Tierwelt mit menschlicher Besiedlung in Einklang bringt. Dieser Mehrzweckansatz unterscheidet es von Nationalparks, in denen menschliche Besiedlung im Allgemeinen verboten ist. Zu den wichtigsten Aspekten dieser Managementstrategie geh\u00f6ren:<\/p><ul><li><strong><span style=\"color: #008000;\">Naturschutz<\/span>:<\/strong> Bem\u00fchungen zum Schutz gef\u00e4hrdeter Arten wie Spitzmaulnash\u00f6rner und zur Erhaltung gesunder Populationen anderer Wildtiere.<\/li><li><strong><span style=\"color: #008000;\">Einbindung der Gemeinschaft<\/span>:<\/strong> Die Massai sind wichtige Interessenvertreter, die von Initiativen profitieren, die nachhaltige Lebensgrundlagen f\u00f6rdern und gleichzeitig ihr kulturelles Erbe bewahren.<\/li><li><span style=\"color: #008000;\"><strong>Aufteilung der Tourismuseinnahmen:<\/strong> <\/span>Einnahmen aus dem Tourismus unterst\u00fctzen sowohl Naturschutz- als auch lokale Entwicklungsprojekte.<\/li><\/ul><p>Trotz dieser Erfolge steht das NCA vor Herausforderungen wie Bev\u00f6lkerungswachstum, Konflikten zwischen Mensch und Tier und Umweltzerst\u00f6rung. Laufende Bem\u00fchungen zielen darauf ab, diese Probleme durch innovative Ans\u00e4tze zur nachhaltigen Landnutzung und zum Naturschutz anzugehen.<\/p><p>\u00a0<\/p><hr \/><h2><span style=\"color: #008000;\">Tourismus im NCA<\/span><\/h2><p>Das Naturschutzgebiet Ngorongoro ist eines der beliebtesten Reiseziele Tansanias und bietet eine Reihe von Erlebnissen:<\/p><ul><li><span style=\"color: #008000;\"><strong>Pirschfahrten:<\/strong><\/span> Besucher des Kraterbodens erleben an einem einzigen Tag eine au\u00dfergew\u00f6hnliche Dichte an Wildtieren, darunter auch die M\u00f6glichkeit, die Big Five zu sehen.<\/li><li><span style=\"color: #008000;\"><strong>Kulturelle Touren:<\/strong><\/span> Interaktionen mit den Massai bieten Einblicke in ihre traditionelle Lebensweise und ihre Beziehung zum Land.<\/li><li><strong><span style=\"color: #008000;\">Wandersafaris<\/span>:<\/strong> Gef\u00fchrte Wanderungen auf dem Kraterrand und in den umliegenden Gebieten bieten eine intensivere Erkundung der Landschaft.<br \/><span style=\"color: #008000;\"><strong>Oldu-Schlucht-Museum:<\/strong><\/span> Ein Besuch dieser weltber\u00fchmten St\u00e4tte bietet einen faszinierenden Einblick in die Geschichte der menschlichen Evolution.<\/li><\/ul><p>Die Unterk\u00fcnfte reichen von luxuri\u00f6sen Lodges am Kraterrand mit Panoramablick bis hin zu bescheideneren Optionen, die eine Zug\u00e4nglichkeit f\u00fcr eine Vielzahl von Reisenden gew\u00e4hrleisten.<\/p><h2><strong><span style=\"color: #008000;\">Globale Bedeutung und Herausforderungen<\/span><\/strong><\/h2><p>Das Naturschutzgebiet Ngorongoro spielt eine entscheidende Rolle f\u00fcr den globalen Naturschutz und die Bewahrung der Kultur. Es gibt jedoch erhebliche Herausforderungen, darunter:<\/p><ul><li><strong><span style=\"color: #008000;\">Druck durch den Tourismus:<\/span> <\/strong>Obwohl der Tourismus eine wichtige Einnahmequelle darstellt, muss sein Wachstum sorgf\u00e4ltig gesteuert werden, um eine \u00dcbernutzung der Ressourcen zu vermeiden.<\/li><li><strong><span style=\"color: #008000;\">Landnutzungskonflikte:<\/span><\/strong> Angesichts der wachsenden Bev\u00f6lkerung ist es eine st\u00e4ndige Herausforderung, die Bed\u00fcrfnisse der Massai mit dem Schutz der Tierwelt in Einklang zu bringen.<\/li><li><span style=\"color: #008000;\"><strong>Klimawandel:<\/strong><\/span> Ver\u00e4nderte Niederschlagsmuster und steigende Temperaturen bedrohen die empfindlichen \u00d6kosysteme des NCA.<\/li><\/ul><p>Um diese Probleme anzugehen, arbeiten die tansanische Regierung, Naturschutzorganisationen und lokale Gemeinden zusammen, um nachhaltige Praktiken zu f\u00f6rdern und den langfristigen Schutz dieses einzigartigen Gebiets sicherzustellen.<\/p><p>\u00a0<\/p><hr \/><h2><span style=\"color: #008000;\">Warum Ngorongoro wichtig ist<\/span><\/h2><p>Das Naturschutzgebiet Ngorongoro ist mehr als eine Touristenattraktion; es ist ein globales Symbol f\u00fcr<strong> Artenvielfalt, kulturelles Erbe und nachhaltigen Naturschutz<\/strong>. Es veranschaulicht das empfindliche Gleichgewicht zwischen dem Schutz nat\u00fcrlicher \u00d6kosysteme und der Unterst\u00fctzung menschlicher Lebensgrundlagen und bietet ein Modell f\u00fcr Naturschutzgebiete weltweit.<\/p><p>F\u00fcr Besucher bietet das NCA ein unvergessliches Erlebnis, das Begegnungen mit Wildtieren, kulturelles Eintauchen und eine tiefe Verbindung zur alten Geschichte des Landes und der Menschheit verbindet. Es ist ein Ort, an dem Vergangenheit und Gegenwart aufeinandertreffen und eine Vision des Naturschutzes entsteht, die Lehren f\u00fcr die Zukunft bereith\u00e4lt.<\/p><p>\u00a0<\/p>\t\t\t\t\t\t\t\t<\/div>\n\t\t\t\t<\/div>\n\t\t\t\t\t<\/div>\n\t\t\t\t<\/div>\n\t\t<div class=\"elementor-element elementor-element-6de60fdf e-flex e-con-boxed e-con e-parent\" data-id=\"6de60fdf\" data-element_type=\"container\">\n\t\t\t\t\t<div class=\"e-con-inner\">\n\t\t\t\t<div class=\"elementor-element elementor-element-40d8b839 elementor-widget-divider--view-line elementor-widget elementor-widget-divider\" data-id=\"40d8b839\" data-element_type=\"widget\" data-widget_type=\"divider.default\">\n\t\t\t\t<div class=\"elementor-widget-container\">\n\t\t\t\t\t\t\t<div class=\"elementor-divider\">\n\t\t\t<span class=\"elementor-divider-separator\">\n\t\t\t\t\t\t<\/span>\n\t\t<\/div>\n\t\t\t\t\t\t<\/div>\n\t\t\t\t<\/div>\n\t\t\t\t\t<\/div>\n\t\t\t\t<\/div>\n\t\t\t\t<\/div>\n\t\t","protected":false},"excerpt":{"rendered":"<p>Heim Naturschutzgebiet Ngorongoro Naturschutzgebiet Ngorongoro Ein globaler Schatz an Biodiversit\u00e4t und Kultural Heritage Das Ngorongoro Conservation Area (NCA) im Norden Tansanias ist eines der bemerkenswertesten Naturschutzgebiete der Welt und vereint atemberaubende Landschaften, beispiellose Artenvielfalt und tiefe kulturelle Bedeutung. Es erstreckt sich \u00fcber etwa 8.292 Quadratkilometer (3.202 Quadratmeilen), ist ein UNESCO-Weltkulturerbe und integraler Bestandteil des Northern [&hellip;]<\/p>\n","protected":false},"author":1,"featured_media":0,"parent":0,"menu_order":0,"comment_status":"closed","ping_status":"closed","template":"elementor_header_footer","meta":{"footnotes":""},"class_list":["post-1152","page","type-page","status-publish","hentry"],"yoast_head":"<!-- This site is optimized with the Yoast SEO plugin v24.8.1 - https:\/\/yoast.com\/wordpress\/plugins\/seo\/ -->\n<title>Ngorongoro-Schutzgebiet - GoSwahili Adventure<\/title>\n<meta name=\"robots\" content=\"index, follow, max-snippet:-1, max-image-preview:large, max-video-preview:-1\" \/>\n<link rel=\"canonical\" href=\"https:\/\/goswahiliadventure.com\/en\/ngorongoro-conservation-area\/\" \/>\n<meta property=\"og:locale\" content=\"de_DE\" \/>\n<meta property=\"og:type\" content=\"article\" \/>\n<meta property=\"og:title\" content=\"Ngorongoro-Schutzgebiet - GoSwahili Adventure\" \/>\n<meta property=\"og:description\" content=\"Heim Naturschutzgebiet Ngorongoro Naturschutzgebiet Ngorongoro Ein globaler Schatz an Biodiversit\u00e4t und Kultural Heritage Das Ngorongoro Conservation Area (NCA) im Norden Tansanias ist eines der bemerkenswertesten Naturschutzgebiete der Welt und vereint atemberaubende Landschaften, beispiellose Artenvielfalt und tiefe kulturelle Bedeutung. Es erstreckt sich \u00fcber etwa 8.292 Quadratkilometer (3.202 Quadratmeilen), ist ein UNESCO-Weltkulturerbe und integraler Bestandteil des Northern [&hellip;]\" \/>\n<meta property=\"og:url\" content=\"https:\/\/goswahiliadventure.com\/en\/ngorongoro-conservation-area\/\" \/>\n<meta property=\"og:site_name\" content=\"GoSwahili Adventure\" \/>\n<meta property=\"article:publisher\" content=\"https:\/\/www.facebook.com\/GoSwahiliAdventure?mibextid=wwXIfr&amp;rdid=YyYoXYpEJYG3biBn&amp;share_url=httpswww.facebook.comshare15seWCRZNJmibextidwwXIfr#\" \/>\n<meta property=\"article:modified_time\" content=\"2025-01-28T13:26:39+00:00\" \/>\n<meta name=\"twitter:card\" content=\"summary_large_image\" \/>\n<meta name=\"twitter:label1\" content=\"Gesch\u00e4tzte Lesezeit\" \/>\n\t<meta name=\"twitter:data1\" content=\"5\u00a0Minuten\" \/>\n<script type=\"application\/ld+json\" class=\"yoast-schema-graph\">{\"@context\":\"https:\/\/schema.org\",\"@graph\":[{\"@type\":\"WebPage\",\"@id\":\"https:\/\/goswahiliadventure.com\/en\/ngorongoro-conservation-area\/\",\"url\":\"https:\/\/goswahiliadventure.com\/en\/ngorongoro-conservation-area\/\",\"name\":\"Ngorongoro-Schutzgebiet - GoSwahili Adventure\",\"isPartOf\":{\"@id\":\"https:\/\/goswahiliadventure.com\/de\/#website\"},\"datePublished\":\"2024-12-16T08:06:16+00:00\",\"dateModified\":\"2025-01-28T13:26:39+00:00\",\"breadcrumb\":{\"@id\":\"https:\/\/goswahiliadventure.com\/en\/ngorongoro-conservation-area\/#breadcrumb\"},\"inLanguage\":\"de\",\"potentialAction\":[{\"@type\":\"ReadAction\",\"target\":[\"https:\/\/goswahiliadventure.com\/en\/ngorongoro-conservation-area\/\"]}]},{\"@type\":\"BreadcrumbList\",\"@id\":\"https:\/\/goswahiliadventure.com\/en\/ngorongoro-conservation-area\/#breadcrumb\",\"itemListElement\":[{\"@type\":\"ListItem\",\"position\":1,\"name\":\"Home\",\"item\":\"https:\/\/goswahiliadventure.com\/de\/\"},{\"@type\":\"ListItem\",\"position\":2,\"name\":\"Ngorongoro-Schutzgebiet\"}]},{\"@type\":\"WebSite\",\"@id\":\"https:\/\/goswahiliadventure.com\/de\/#website\",\"url\":\"https:\/\/goswahiliadventure.com\/de\/\",\"name\":\"Go Swahili adventure\",\"description\":\"Travel and Hospitality\",\"publisher\":{\"@id\":\"https:\/\/goswahiliadventure.com\/de\/#organization\"},\"potentialAction\":[{\"@type\":\"SearchAction\",\"target\":{\"@type\":\"EntryPoint\",\"urlTemplate\":\"https:\/\/goswahiliadventure.com\/de\/?s={search_term_string}\"},\"query-input\":{\"@type\":\"PropertyValueSpecification\",\"valueRequired\":true,\"valueName\":\"search_term_string\"}}],\"inLanguage\":\"de\"},{\"@type\":\"Organization\",\"@id\":\"https:\/\/goswahiliadventure.com\/de\/#organization\",\"name\":\"Go Swahili adventure\",\"url\":\"https:\/\/goswahiliadventure.com\/de\/\",\"logo\":{\"@type\":\"ImageObject\",\"inLanguage\":\"de\",\"@id\":\"https:\/\/goswahiliadventure.com\/de\/#\/schema\/logo\/image\/\",\"url\":\"https:\/\/goswahiliadventure.com\/wp-content\/uploads\/2025\/03\/IMG_8940-1-scaled-1.jpg\",\"contentUrl\":\"https:\/\/goswahiliadventure.com\/wp-content\/uploads\/2025\/03\/IMG_8940-1-scaled-1.jpg\",\"width\":2560,\"height\":1920,\"caption\":\"Go Swahili adventure\"},\"image\":{\"@id\":\"https:\/\/goswahiliadventure.com\/de\/#\/schema\/logo\/image\/\"},\"sameAs\":[\"https:\/\/www.facebook.com\/GoSwahiliAdventure?mibextid=wwXIfr&rdid=YyYoXYpEJYG3biBn&share_url=httpswww.facebook.comshare15seWCRZNJmibextidwwXIfr#\",\"https:\/\/www.instagram.com\/goswahili_adventure?igsh=MTlsOXRwZTJwc2c1NQ&utm_source=qr\"]}]}<\/script>\n<!-- \/ Yoast SEO plugin. -->","yoast_head_json":{"title":"Ngorongoro-Schutzgebiet - GoSwahili Adventure","robots":{"index":"index","follow":"follow","max-snippet":"max-snippet:-1","max-image-preview":"max-image-preview:large","max-video-preview":"max-video-preview:-1"},"canonical":"https:\/\/goswahiliadventure.com\/en\/ngorongoro-conservation-area\/","og_locale":"de_DE","og_type":"article","og_title":"Ngorongoro-Schutzgebiet - GoSwahili Adventure","og_description":"Heim Naturschutzgebiet Ngorongoro Naturschutzgebiet Ngorongoro Ein globaler Schatz an Biodiversit\u00e4t und Kultural Heritage Das Ngorongoro Conservation Area (NCA) im Norden Tansanias ist eines der bemerkenswertesten Naturschutzgebiete der Welt und vereint atemberaubende Landschaften, beispiellose Artenvielfalt und tiefe kulturelle Bedeutung. Es erstreckt sich \u00fcber etwa 8.292 Quadratkilometer (3.202 Quadratmeilen), ist ein UNESCO-Weltkulturerbe und integraler Bestandteil des Northern [&hellip;]","og_url":"https:\/\/goswahiliadventure.com\/en\/ngorongoro-conservation-area\/","og_site_name":"GoSwahili Adventure","article_publisher":"https:\/\/www.facebook.com\/GoSwahiliAdventure?mibextid=wwXIfr&rdid=YyYoXYpEJYG3biBn&share_url=httpswww.facebook.comshare15seWCRZNJmibextidwwXIfr#","article_modified_time":"2025-01-28T13:26:39+00:00","twitter_card":"summary_large_image","twitter_misc":{"Gesch\u00e4tzte Lesezeit":"5\u00a0Minuten"},"schema":{"@context":"https:\/\/schema.org","@graph":[{"@type":"WebPage","@id":"https:\/\/goswahiliadventure.com\/en\/ngorongoro-conservation-area\/","url":"https:\/\/goswahiliadventure.com\/en\/ngorongoro-conservation-area\/","name":"Ngorongoro-Schutzgebiet - GoSwahili Adventure","isPartOf":{"@id":"https:\/\/goswahiliadventure.com\/de\/#website"},"datePublished":"2024-12-16T08:06:16+00:00","dateModified":"2025-01-28T13:26:39+00:00","breadcrumb":{"@id":"https:\/\/goswahiliadventure.com\/en\/ngorongoro-conservation-area\/#breadcrumb"},"inLanguage":"de","potentialAction":[{"@type":"ReadAction","target":["https:\/\/goswahiliadventure.com\/en\/ngorongoro-conservation-area\/"]}]},{"@type":"BreadcrumbList","@id":"https:\/\/goswahiliadventure.com\/en\/ngorongoro-conservation-area\/#breadcrumb","itemListElement":[{"@type":"ListItem","position":1,"name":"Home","item":"https:\/\/goswahiliadventure.com\/de\/"},{"@type":"ListItem","position":2,"name":"Ngorongoro-Schutzgebiet"}]},{"@type":"WebSite","@id":"https:\/\/goswahiliadventure.com\/de\/#website","url":"https:\/\/goswahiliadventure.com\/de\/","name":"Go Swahili adventure","description":"Travel and Hospitality","publisher":{"@id":"https:\/\/goswahiliadventure.com\/de\/#organization"},"potentialAction":[{"@type":"SearchAction","target":{"@type":"EntryPoint","urlTemplate":"https:\/\/goswahiliadventure.com\/de\/?s={search_term_string}"},"query-input":{"@type":"PropertyValueSpecification","valueRequired":true,"valueName":"search_term_string"}}],"inLanguage":"de"},{"@type":"Organization","@id":"https:\/\/goswahiliadventure.com\/de\/#organization","name":"Go Swahili adventure","url":"https:\/\/goswahiliadventure.com\/de\/","logo":{"@type":"ImageObject","inLanguage":"de","@id":"https:\/\/goswahiliadventure.com\/de\/#\/schema\/logo\/image\/","url":"https:\/\/goswahiliadventure.com\/wp-content\/uploads\/2025\/03\/IMG_8940-1-scaled-1.jpg","contentUrl":"https:\/\/goswahiliadventure.com\/wp-content\/uploads\/2025\/03\/IMG_8940-1-scaled-1.jpg","width":2560,"height":1920,"caption":"Go Swahili adventure"},"image":{"@id":"https:\/\/goswahiliadventure.com\/de\/#\/schema\/logo\/image\/"},"sameAs":["https:\/\/www.facebook.com\/GoSwahiliAdventure?mibextid=wwXIfr&rdid=YyYoXYpEJYG3biBn&share_url=httpswww.facebook.comshare15seWCRZNJmibextidwwXIfr#","https:\/\/www.instagram.com\/goswahili_adventure?igsh=MTlsOXRwZTJwc2c1NQ&utm_source=qr"]}]}},"_links":{"self":[{"href":"https:\/\/goswahiliadventure.com\/de\/wp-json\/wp\/v2\/pages\/1152","targetHints":{"allow":["GET"]}}],"collection":[{"href":"https:\/\/goswahiliadventure.com\/de\/wp-json\/wp\/v2\/pages"}],"about":[{"href":"https:\/\/goswahiliadventure.com\/de\/wp-json\/wp\/v2\/types\/page"}],"author":[{"embeddable":true,"href":"https:\/\/goswahiliadventure.com\/de\/wp-json\/wp\/v2\/users\/1"}],"replies":[{"embeddable":true,"href":"https:\/\/goswahiliadventure.com\/de\/wp-json\/wp\/v2\/comments?post=1152"}],"version-history":[{"count":3,"href":"https:\/\/goswahiliadventure.com\/de\/wp-json\/wp\/v2\/pages\/1152\/revisions"}],"predecessor-version":[{"id":1495,"href":"https:\/\/goswahiliadventure.com\/de\/wp-json\/wp\/v2\/pages\/1152\/revisions\/1495"}],"wp:attachment":[{"href":"https:\/\/goswahiliadventure.com\/de\/wp-json\/wp\/v2\/media?parent=1152"}],"curies":[{"name":"wp","href":"https:\/\/api.w.org\/{rel}","templated":true}]}}