{"id":1280,"date":"2024-12-16T07:14:25","date_gmt":"2024-12-16T07:14:25","guid":{"rendered":"https:\/\/goswahiliadventure.com\/parc-national-du-tarangire\/"},"modified":"2025-01-30T14:48:00","modified_gmt":"2025-01-30T14:48:00","slug":"parc-national-du-tarangire","status":"publish","type":"page","link":"https:\/\/goswahiliadventure.com\/fr\/parc-national-du-tarangire\/","title":{"rendered":"Parc national du Tarangire"},"content":{"rendered":"\t\t<div data-elementor-type=\"wp-page\" data-elementor-id=\"1280\" class=\"elementor elementor-1280\" data-elementor-post-type=\"page\">\n\t\t\t\t<div class=\"elementor-element elementor-element-664c764 e-flex e-con-boxed e-con e-parent\" data-id=\"664c764\" data-element_type=\"container\" data-settings=\"{&quot;background_background&quot;:&quot;classic&quot;}\">\n\t\t\t\t\t<div class=\"e-con-inner\">\n\t\t\t\t<div class=\"elementor-element elementor-element-3c4b5789 elementor-icon-list--layout-inline elementor-align-center elementor-list-item-link-full_width elementor-widget elementor-widget-icon-list\" data-id=\"3c4b5789\" data-element_type=\"widget\" data-widget_type=\"icon-list.default\">\n\t\t\t\t<div class=\"elementor-widget-container\">\n\t\t\t\t\t\t\t<ul class=\"elementor-icon-list-items elementor-inline-items\">\n\t\t\t\t\t\t\t<li class=\"elementor-icon-list-item elementor-inline-item\">\n\t\t\t\t\t\t\t\t\t\t<span class=\"elementor-icon-list-text\">Maison<\/span>\n\t\t\t\t\t\t\t\t\t<\/li>\n\t\t\t\t\t\t\t\t<li class=\"elementor-icon-list-item elementor-inline-item\">\n\t\t\t\t\t\t\t\t\t\t\t<span class=\"elementor-icon-list-icon\">\n\t\t\t\t\t\t\t<i aria-hidden=\"true\" class=\"jki jki-right-arrow-8\"><\/i>\t\t\t\t\t\t<\/span>\n\t\t\t\t\t\t\t\t\t\t<span class=\"elementor-icon-list-text\">Parc national de Tarangire<\/span>\n\t\t\t\t\t\t\t\t\t<\/li>\n\t\t\t\t\t\t<\/ul>\n\t\t\t\t\t\t<\/div>\n\t\t\t\t<\/div>\n\t\t\t\t<div class=\"elementor-element elementor-element-6dfdb535 elementor-widget elementor-widget-heading\" data-id=\"6dfdb535\" data-element_type=\"widget\" data-widget_type=\"heading.default\">\n\t\t\t\t<div class=\"elementor-widget-container\">\n\t\t\t\t\t<h2 class=\"elementor-heading-title elementor-size-default\">Parc national de Tarangire<\/h2>\t\t\t\t<\/div>\n\t\t\t\t<\/div>\n\t\t\t\t\t<\/div>\n\t\t\t\t<\/div>\n\t\t<div class=\"elementor-element elementor-element-55b1d0fb e-flex e-con-boxed e-con e-parent\" data-id=\"55b1d0fb\" data-element_type=\"container\">\n\t\t\t\t\t<div class=\"e-con-inner\">\n\t\t\t\t<div class=\"elementor-element elementor-element-65e1c6bf elementor-widget elementor-widget-jkit_heading\" data-id=\"65e1c6bf\" data-element_type=\"widget\" data-widget_type=\"jkit_heading.default\">\n\t\t\t\t<div class=\"elementor-widget-container\">\n\t\t\t\t\t<div  class=\"jeg-elementor-kit jkit-heading  align- align-tablet- align-mobile- jeg_module___69e8965d492a6\" ><div class=\"heading-section-title  display-inline-block\"><h2 class=\"heading-title\">Un joyau du circuit nord de la Tanzanie<\/h2><\/div><\/div>\t\t\t\t<\/div>\n\t\t\t\t<\/div>\n\t\t\t\t<div class=\"elementor-element elementor-element-41610357 elementor-widget elementor-widget-text-editor\" data-id=\"41610357\" data-element_type=\"widget\" data-widget_type=\"text-editor.default\">\n\t\t\t\t<div class=\"elementor-widget-container\">\n\t\t\t\t\t\t\t\t\t<p>Le <strong>parc national de Tarangire,<\/strong> situ\u00e9 dans le nord de la Tanzanie, est une destination incontournable pour les passionn\u00e9s de la faune, les d\u00e9fenseurs de l\u2019environnement et les voyageurs \u00e0 la recherche d\u2019une exp\u00e9rience de safari authentique. Couvrant une superficie d\u2019environ <strong>2 850<\/strong> kilom\u00e8tres carr\u00e9s<strong> (1 100 miles carr\u00e9s<\/strong>), il est r\u00e9put\u00e9 pour ses paysages saisissants, sa faune abondante et son importance \u00e9cologique. Nomm\u00e9 d\u2019apr\u00e8s la rivi\u00e8re Tarangire, qui sert de ligne de vie aux divers \u00e9cosyst\u00e8mes du parc, Tarangire est un \u00e9l\u00e9ment essentiel du circuit de safari du nord de la Tanzanie.<\/p><h3>Diversit\u00e9 \u00e9cologique et pittoresque<\/h3><p>Le parc national de Tarangire se caract\u00e9rise par une mosa\u00efque de paysages comprenant des prairies, des for\u00eats, des zones humides et des \u00e9cosyst\u00e8mes fluviaux. La caract\u00e9ristique d\u00e9terminante du parc est la rivi\u00e8re Tarangire, qui coule toute l\u2019ann\u00e9e, attirant la faune pendant la saison s\u00e8che lorsque les sources d\u2019eau des zones environnantes s\u2019\u00e9puisent.<\/p><p>L\u2019un des sites les plus embl\u00e9matiques du parc est ses imposants baobabs, parfois appel\u00e9s \u00ab l\u2019arbre de vie \u00bb. Ces arbres anciens offrent non seulement un d\u00e9cor spectaculaire, mais servent \u00e9galement de ressources vitales pour les animaux et les humains, en stockant l&rsquo;eau dans leurs troncs et en portant des fruits nutritifs.<\/p><p>En outre, le terrain diversifi\u00e9 de Tarangire abrite une gamme d&rsquo;habitats, des savanes ouvertes parsem\u00e9es d&rsquo;acacias aux buissons denses et aux mar\u00e9cages saisonniers, cr\u00e9ant un environnement riche en biodiversit\u00e9.<\/p><hr \/><h3>Abondance de la faune et caract\u00e9ristiques uniques<\/h3><p>Tarangire est c\u00e9l\u00e8bre pour ses populations fauniques exceptionnelles, en particulier pendant la saison s\u00e8che (de juin \u00e0 octobre), lorsqu&rsquo;elle devient un refuge pour les animaux des zones environnantes. Les principaux points forts de la faune comprennent\u00a0:<\/p><p>\u00a0<\/p><ul><li><strong>Fran\u00e7ais:Rassemblements d&rsquo;\u00e9l\u00e9phants<\/strong> : Tarangire est connu pour ses grands troupeaux d&rsquo;\u00e9l\u00e9phants, parmi les plus grands d&rsquo;Afrique de l&rsquo;Est. Ces animaux majestueux se rassemblent autour de la rivi\u00e8re en nombre sup\u00e9rieur \u00e0 300 individus, cr\u00e9ant des sc\u00e8nes impressionnantes pour les visiteurs.<\/li><li><strong>Esp\u00e8ces rares<\/strong> : Le parc est l&rsquo;un des rares endroits en Tanzanie o\u00f9 les visiteurs peuvent apercevoir des oryx \u00e0 oreilles frang\u00e9es et des grands koudous, ainsi que le chien sauvage d&rsquo;Afrique en voie de disparition critique \u00e0 de rares occasions.<\/li><li><strong>Oiseaux :<\/strong> Tarangire est un paradis pour les ornithologues, avec plus de 550 esp\u00e8ces r\u00e9pertori\u00e9es. Parmi les oiseaux remarquables, citons l&rsquo;outarde kori, le plus grand oiseau volant d&rsquo;Afrique, et l&rsquo;ins\u00e9parable \u00e0 collier jaune color\u00e9.<\/li><li><strong>Pr\u00e9dateurs :<\/strong> Les lions, les l\u00e9opards, les gu\u00e9pards et les hy\u00e8nes prosp\u00e8rent dans le parc, attir\u00e9s par ses proies abondantes. Pendant la saison s\u00e8che, les pr\u00e9dateurs sont particuli\u00e8rement actifs autour des sources d&rsquo;eau.<\/li><\/ul><hr \/><h3>Importance culturelle<\/h3><p>Le parc national de Tarangire est situ\u00e9 \u00e0 proximit\u00e9 des communaut\u00e9s des peuples Maasai et Barabaig, dont les modes de vie traditionnels restent \u00e9troitement li\u00e9s \u00e0 l&rsquo;environnement naturel. Les visiteurs ont la possibilit\u00e9 d&rsquo;en apprendre davantage sur ces cultures autochtones gr\u00e2ce \u00e0 des initiatives touristiques communautaires, qui donnent un aper\u00e7u de leurs traditions, de leurs moyens de subsistance et de leur coexistence durable avec la faune.<\/p><p>Le parc a \u00e9galement une importance historique et arch\u00e9ologique, avec d&rsquo;anciennes peintures rupestres et des preuves d&rsquo;activit\u00e9 humaine ancienne trouv\u00e9es dans les zones voisines.<\/p><h3>Tourisme et exp\u00e9rience des visiteurs<\/h3><p>Tarangire propose une large gamme d&rsquo;activit\u00e9s con\u00e7ues pour immerger les visiteurs dans sa beaut\u00e9 naturelle :<\/p><ul><li><p><strong>Safaris en voiture<\/strong> : le vaste r\u00e9seau routier du parc permet des safaris palpitants, avec des occasions d&rsquo;observer de pr\u00e8s la faune embl\u00e9matique.<\/p><\/li><li><p><strong>Safaris \u00e0 pied :<\/strong> pour une exp\u00e9rience plus intime, des safaris \u00e0 pied guid\u00e9s offrent aux visiteurs une perspective au niveau du sol de la flore et de la faune du parc.<\/p><\/li><li><p><strong>Safaris nocturnes<\/strong> : uniques dans quelques parcs tanzaniens, les safaris nocturnes \u00e0 Tarangire permettent d&rsquo;apercevoir de rares animaux nocturnes tels que les porcs-\u00e9pics, les genettes et les b\u00e9b\u00e9s du buisson.<\/p><\/li><\/ul><p><strong>Observation des oiseaux :<\/strong> les zones humides du parc, comme le marais de Silale, sont des points chauds pour les amateurs d&rsquo;observation des oiseaux.\u00a0\u00a0\u00a0\u00a0\u00a0\u00a0\u00a0\u00a0\u00a0\u00a0\u00a0\u00a0\u00a0\u00a0\u00a0\u00a0\u00a0\u00a0\u00a0\u00a0\u00a0\u00a0\u00a0\u00a0\u00a0\u00a0\u00a0\u00a0\u00a0\u00a0\u00a0\u00a0\u00a0\u00a0\u00a0\u00a0\u00a0\u00a0\u00a0\u00a0\u00a0\u00a0\u00a0\u00a0\u00a0\u00a0\u00a0\u00a0\u00a0\u00a0\u00a0\u00a0\u00a0\u00a0\u00a0\u00a0\u00a0\u00a0\u00a0\u00a0\u00a0\u00a0\u00a0\u00a0\u00a0\u00a0\u00a0\u00a0\u00a0\u00a0\u00a0\u00a0\u00a0\u00a0\u00a0\u00a0\u00a0\u00a0\u00a0\u00a0\u00a0\u00a0\u00a0\u00a0\u00a0\u00a0\u00a0\u00a0\u00a0\u00a0\u00a0\u00a0\u00a0\u00a0\u00a0\u00a0\u00a0\u00a0\u00a0\u00a0\u00a0\u00a0\u00a0\u00a0\u00a0\u00a0\u00a0\u00a0\u00a0\u00a0\u00a0\u00a0\u00a0\u00a0\u00a0\u00a0\u00a0\u00a0\u00a0\u00a0\u00a0\u00a0\u00a0\u00a0\u00a0\u00a0\u00a0\u00a0\u00a0\u00a0\u00a0\u00a0\u00a0\u00a0\u00a0\u00a0\u00a0\u00a0\u00a0\u00a0\u00a0\u00a0\u00a0\u00a0\u00a0\u00a0\u00a0\u00a0\u00a0\u00a0\u00a0\u00a0\u00a0\u00a0\u00a0\u00a0\u00a0\u00a0\u00a0\u00a0\u00a0\u00a0\u00a0\u00a0\u00a0\u00a0\u00a0\u00a0\u00a0\u00a0\u00a0\u00a0\u00a0\u00a0\u00a0\u00a0\u00a0\u00a0 Les h\u00e9bergements dans et autour de Tarangire vont des lodges de luxe aux camps de tentes, dont beaucoup sont con\u00e7us dans un souci de durabilit\u00e9. Les visiteurs peuvent choisir parmi des options offrant des vues panoramiques sur le parc ou la proximit\u00e9 de couloirs fauniques cl\u00e9s.<\/p><hr \/><h3>Conservation et d\u00e9fis<\/h3><p>Le parc national de Tarangire fait partie de l&rsquo;\u00e9cosyst\u00e8me plus vaste de Tarangire-Manyara, un corridor faunique essentiel reliant le parc au parc national voisin du lac Manyara et \u00e0 d&rsquo;autres zones prot\u00e9g\u00e9es. Ce corridor est essentiel pour les migrations saisonni\u00e8res des \u00e9l\u00e9phants, des z\u00e8bres et des gnous.<\/p><p>Cependant, le parc est confront\u00e9 \u00e0 des d\u00e9fis tels que :<\/p><ul><li><strong>Conflits entre l&rsquo;homme et la faune :<\/strong> l&#8217;empi\u00e8tement des activit\u00e9s agricoles et des \u00e9tablissements humains \u00e0 proximit\u00e9 du parc menace le mouvement des esp\u00e8ces migratrices.<\/li><li><strong>Braconnage :<\/strong> bien que bien g\u00e9r\u00e9, le parc n\u00e9cessite des efforts continus pour lutter contre la chasse ill\u00e9gale.<\/li><li><strong>Changement climatique :<\/strong> la modification des r\u00e9gimes pluviom\u00e9triques a un impact sur la disponibilit\u00e9 des ressources en eau et en p\u00e2turage, influen\u00e7ant ainsi le comportement de la faune.<\/li><\/ul><p>Les efforts visant \u00e0 relever ces d\u00e9fis comprennent la collaboration entre le gouvernement tanzanien, les organisations de conservation et les communaut\u00e9s locales pour promouvoir des pratiques durables, prot\u00e9ger les corridors fauniques et att\u00e9nuer les conflits.<\/p><hr \/><h3>Pourquoi le parc national de Tarangire se d\u00e9marque-t-il\u00a0?<\/h3><p>Le parc national de Tarangire est souvent \u00e9clips\u00e9 par ses voisins plus c\u00e9l\u00e8bres, comme le Serengeti et le crat\u00e8re du Ngorongoro. Il offre cependant une exp\u00e9rience de safari plus calme et plus intime, avec moins de monde et une authentique sensation de nature sauvage. Ses sch\u00e9mas saisonniers de migration de la faune, ses paysages uniques parsem\u00e9s de baobabs et ses \u00e9cosyst\u00e8mes diversifi\u00e9s en font un joyau cach\u00e9 pour ceux qui cherchent \u00e0 explorer le meilleur de la Tanzanie.<\/p><p>\u00a0<\/p>\t\t\t\t\t\t\t\t<\/div>\n\t\t\t\t<\/div>\n\t\t\t\t\t<\/div>\n\t\t\t\t<\/div>\n\t\t\t\t<\/div>\n\t\t","protected":false},"excerpt":{"rendered":"<p>Maison Parc national de Tarangire Parc national de Tarangire Un joyau du circuit nord de la Tanzanie Le parc national de Tarangire, situ\u00e9 dans le nord de la Tanzanie, est une destination incontournable pour les passionn\u00e9s de la faune, les d\u00e9fenseurs de l\u2019environnement et les voyageurs \u00e0 la recherche d\u2019une exp\u00e9rience de safari authentique. Couvrant [&hellip;]<\/p>\n","protected":false},"author":1,"featured_media":0,"parent":0,"menu_order":0,"comment_status":"closed","ping_status":"closed","template":"elementor_header_footer","meta":{"footnotes":""},"class_list":["post-1280","page","type-page","status-publish","hentry"],"yoast_head":"<!-- This site is optimized with the Yoast SEO plugin v24.8.1 - https:\/\/yoast.com\/wordpress\/plugins\/seo\/ -->\n<title>Parc national du Tarangire - GoSwahili Adventure<\/title>\n<meta name=\"robots\" content=\"index, follow, max-snippet:-1, max-image-preview:large, max-video-preview:-1\" \/>\n<link rel=\"canonical\" href=\"https:\/\/goswahiliadventure.com\/en\/tarangire-national-park\/\" \/>\n<meta property=\"og:locale\" content=\"fr_FR\" \/>\n<meta property=\"og:type\" content=\"article\" \/>\n<meta property=\"og:title\" content=\"Parc national du Tarangire - GoSwahili Adventure\" \/>\n<meta property=\"og:description\" content=\"Maison Parc national de Tarangire Parc national de Tarangire Un joyau du circuit nord de la Tanzanie Le parc national de Tarangire, situ\u00e9 dans le nord de la Tanzanie, est une destination incontournable pour les passionn\u00e9s de la faune, les d\u00e9fenseurs de l\u2019environnement et les voyageurs \u00e0 la recherche d\u2019une exp\u00e9rience de safari authentique. Couvrant [&hellip;]\" \/>\n<meta property=\"og:url\" content=\"https:\/\/goswahiliadventure.com\/en\/tarangire-national-park\/\" \/>\n<meta property=\"og:site_name\" content=\"GoSwahili Adventure\" \/>\n<meta property=\"article:publisher\" content=\"https:\/\/www.facebook.com\/GoSwahiliAdventure?mibextid=wwXIfr&amp;rdid=YyYoXYpEJYG3biBn&amp;share_url=httpswww.facebook.comshare15seWCRZNJmibextidwwXIfr#\" \/>\n<meta property=\"article:modified_time\" content=\"2025-01-30T14:48:00+00:00\" \/>\n<meta name=\"twitter:card\" content=\"summary_large_image\" \/>\n<meta name=\"twitter:label1\" content=\"Dur\u00e9e de lecture estim\u00e9e\" \/>\n\t<meta name=\"twitter:data1\" content=\"5 minutes\" \/>\n<script type=\"application\/ld+json\" class=\"yoast-schema-graph\">{\"@context\":\"https:\/\/schema.org\",\"@graph\":[{\"@type\":\"WebPage\",\"@id\":\"https:\/\/goswahiliadventure.com\/en\/tarangire-national-park\/\",\"url\":\"https:\/\/goswahiliadventure.com\/en\/tarangire-national-park\/\",\"name\":\"Parc national du Tarangire - GoSwahili Adventure\",\"isPartOf\":{\"@id\":\"https:\/\/goswahiliadventure.com\/de\/#website\"},\"datePublished\":\"2024-12-16T07:14:25+00:00\",\"dateModified\":\"2025-01-30T14:48:00+00:00\",\"breadcrumb\":{\"@id\":\"https:\/\/goswahiliadventure.com\/en\/tarangire-national-park\/#breadcrumb\"},\"inLanguage\":\"fr-FR\",\"potentialAction\":[{\"@type\":\"ReadAction\",\"target\":[\"https:\/\/goswahiliadventure.com\/en\/tarangire-national-park\/\"]}]},{\"@type\":\"BreadcrumbList\",\"@id\":\"https:\/\/goswahiliadventure.com\/en\/tarangire-national-park\/#breadcrumb\",\"itemListElement\":[{\"@type\":\"ListItem\",\"position\":1,\"name\":\"Home\",\"item\":\"https:\/\/goswahiliadventure.com\/fr\/\"},{\"@type\":\"ListItem\",\"position\":2,\"name\":\"Parc national du Tarangire\"}]},{\"@type\":\"WebSite\",\"@id\":\"https:\/\/goswahiliadventure.com\/de\/#website\",\"url\":\"https:\/\/goswahiliadventure.com\/de\/\",\"name\":\"Go Swahili adventure\",\"description\":\"Travel and Hospitality\",\"publisher\":{\"@id\":\"https:\/\/goswahiliadventure.com\/de\/#organization\"},\"potentialAction\":[{\"@type\":\"SearchAction\",\"target\":{\"@type\":\"EntryPoint\",\"urlTemplate\":\"https:\/\/goswahiliadventure.com\/de\/?s={search_term_string}\"},\"query-input\":{\"@type\":\"PropertyValueSpecification\",\"valueRequired\":true,\"valueName\":\"search_term_string\"}}],\"inLanguage\":\"fr-FR\"},{\"@type\":\"Organization\",\"@id\":\"https:\/\/goswahiliadventure.com\/de\/#organization\",\"name\":\"Go Swahili adventure\",\"url\":\"https:\/\/goswahiliadventure.com\/de\/\",\"logo\":{\"@type\":\"ImageObject\",\"inLanguage\":\"fr-FR\",\"@id\":\"https:\/\/goswahiliadventure.com\/de\/#\/schema\/logo\/image\/\",\"url\":\"https:\/\/goswahiliadventure.com\/wp-content\/uploads\/2025\/03\/IMG_8940-1-scaled-1.jpg\",\"contentUrl\":\"https:\/\/goswahiliadventure.com\/wp-content\/uploads\/2025\/03\/IMG_8940-1-scaled-1.jpg\",\"width\":2560,\"height\":1920,\"caption\":\"Go Swahili adventure\"},\"image\":{\"@id\":\"https:\/\/goswahiliadventure.com\/de\/#\/schema\/logo\/image\/\"},\"sameAs\":[\"https:\/\/www.facebook.com\/GoSwahiliAdventure?mibextid=wwXIfr&rdid=YyYoXYpEJYG3biBn&share_url=httpswww.facebook.comshare15seWCRZNJmibextidwwXIfr#\",\"https:\/\/www.instagram.com\/goswahili_adventure?igsh=MTlsOXRwZTJwc2c1NQ&utm_source=qr\"]}]}<\/script>\n<!-- \/ Yoast SEO plugin. -->","yoast_head_json":{"title":"Parc national du Tarangire - GoSwahili Adventure","robots":{"index":"index","follow":"follow","max-snippet":"max-snippet:-1","max-image-preview":"max-image-preview:large","max-video-preview":"max-video-preview:-1"},"canonical":"https:\/\/goswahiliadventure.com\/en\/tarangire-national-park\/","og_locale":"fr_FR","og_type":"article","og_title":"Parc national du Tarangire - GoSwahili Adventure","og_description":"Maison Parc national de Tarangire Parc national de Tarangire Un joyau du circuit nord de la Tanzanie Le parc national de Tarangire, situ\u00e9 dans le nord de la Tanzanie, est une destination incontournable pour les passionn\u00e9s de la faune, les d\u00e9fenseurs de l\u2019environnement et les voyageurs \u00e0 la recherche d\u2019une exp\u00e9rience de safari authentique. Couvrant [&hellip;]","og_url":"https:\/\/goswahiliadventure.com\/en\/tarangire-national-park\/","og_site_name":"GoSwahili Adventure","article_publisher":"https:\/\/www.facebook.com\/GoSwahiliAdventure?mibextid=wwXIfr&rdid=YyYoXYpEJYG3biBn&share_url=httpswww.facebook.comshare15seWCRZNJmibextidwwXIfr#","article_modified_time":"2025-01-30T14:48:00+00:00","twitter_card":"summary_large_image","twitter_misc":{"Dur\u00e9e de lecture estim\u00e9e":"5 minutes"},"schema":{"@context":"https:\/\/schema.org","@graph":[{"@type":"WebPage","@id":"https:\/\/goswahiliadventure.com\/en\/tarangire-national-park\/","url":"https:\/\/goswahiliadventure.com\/en\/tarangire-national-park\/","name":"Parc national du Tarangire - GoSwahili Adventure","isPartOf":{"@id":"https:\/\/goswahiliadventure.com\/de\/#website"},"datePublished":"2024-12-16T07:14:25+00:00","dateModified":"2025-01-30T14:48:00+00:00","breadcrumb":{"@id":"https:\/\/goswahiliadventure.com\/en\/tarangire-national-park\/#breadcrumb"},"inLanguage":"fr-FR","potentialAction":[{"@type":"ReadAction","target":["https:\/\/goswahiliadventure.com\/en\/tarangire-national-park\/"]}]},{"@type":"BreadcrumbList","@id":"https:\/\/goswahiliadventure.com\/en\/tarangire-national-park\/#breadcrumb","itemListElement":[{"@type":"ListItem","position":1,"name":"Home","item":"https:\/\/goswahiliadventure.com\/fr\/"},{"@type":"ListItem","position":2,"name":"Parc national du Tarangire"}]},{"@type":"WebSite","@id":"https:\/\/goswahiliadventure.com\/de\/#website","url":"https:\/\/goswahiliadventure.com\/de\/","name":"Go Swahili adventure","description":"Travel and Hospitality","publisher":{"@id":"https:\/\/goswahiliadventure.com\/de\/#organization"},"potentialAction":[{"@type":"SearchAction","target":{"@type":"EntryPoint","urlTemplate":"https:\/\/goswahiliadventure.com\/de\/?s={search_term_string}"},"query-input":{"@type":"PropertyValueSpecification","valueRequired":true,"valueName":"search_term_string"}}],"inLanguage":"fr-FR"},{"@type":"Organization","@id":"https:\/\/goswahiliadventure.com\/de\/#organization","name":"Go Swahili adventure","url":"https:\/\/goswahiliadventure.com\/de\/","logo":{"@type":"ImageObject","inLanguage":"fr-FR","@id":"https:\/\/goswahiliadventure.com\/de\/#\/schema\/logo\/image\/","url":"https:\/\/goswahiliadventure.com\/wp-content\/uploads\/2025\/03\/IMG_8940-1-scaled-1.jpg","contentUrl":"https:\/\/goswahiliadventure.com\/wp-content\/uploads\/2025\/03\/IMG_8940-1-scaled-1.jpg","width":2560,"height":1920,"caption":"Go Swahili adventure"},"image":{"@id":"https:\/\/goswahiliadventure.com\/de\/#\/schema\/logo\/image\/"},"sameAs":["https:\/\/www.facebook.com\/GoSwahiliAdventure?mibextid=wwXIfr&rdid=YyYoXYpEJYG3biBn&share_url=httpswww.facebook.comshare15seWCRZNJmibextidwwXIfr#","https:\/\/www.instagram.com\/goswahili_adventure?igsh=MTlsOXRwZTJwc2c1NQ&utm_source=qr"]}]}},"_links":{"self":[{"href":"https:\/\/goswahiliadventure.com\/fr\/wp-json\/wp\/v2\/pages\/1280","targetHints":{"allow":["GET"]}}],"collection":[{"href":"https:\/\/goswahiliadventure.com\/fr\/wp-json\/wp\/v2\/pages"}],"about":[{"href":"https:\/\/goswahiliadventure.com\/fr\/wp-json\/wp\/v2\/types\/page"}],"author":[{"embeddable":true,"href":"https:\/\/goswahiliadventure.com\/fr\/wp-json\/wp\/v2\/users\/1"}],"replies":[{"embeddable":true,"href":"https:\/\/goswahiliadventure.com\/fr\/wp-json\/wp\/v2\/comments?post=1280"}],"version-history":[{"count":3,"href":"https:\/\/goswahiliadventure.com\/fr\/wp-json\/wp\/v2\/pages\/1280\/revisions"}],"predecessor-version":[{"id":1636,"href":"https:\/\/goswahiliadventure.com\/fr\/wp-json\/wp\/v2\/pages\/1280\/revisions\/1636"}],"wp:attachment":[{"href":"https:\/\/goswahiliadventure.com\/fr\/wp-json\/wp\/v2\/media?parent=1280"}],"curies":[{"name":"wp","href":"https:\/\/api.w.org\/{rel}","templated":true}]}}