{"id":1282,"date":"2024-12-16T07:54:28","date_gmt":"2024-12-16T07:54:28","guid":{"rendered":"https:\/\/goswahiliadventure.com\/parc-national-du-lac-manyara\/"},"modified":"2025-01-30T15:35:34","modified_gmt":"2025-01-30T15:35:34","slug":"parc-national-du-lac-manyara","status":"publish","type":"page","link":"https:\/\/goswahiliadventure.com\/fr\/parc-national-du-lac-manyara\/","title":{"rendered":"Parc national du lac Manyara"},"content":{"rendered":"\t\t<div data-elementor-type=\"wp-page\" data-elementor-id=\"1282\" class=\"elementor elementor-1282\" data-elementor-post-type=\"page\">\n\t\t\t\t<div class=\"elementor-element elementor-element-459e6c26 e-flex e-con-boxed e-con e-parent\" data-id=\"459e6c26\" data-element_type=\"container\" data-settings=\"{&quot;background_background&quot;:&quot;classic&quot;}\">\n\t\t\t\t\t<div class=\"e-con-inner\">\n\t\t\t\t<div class=\"elementor-element elementor-element-4df41f85 elementor-icon-list--layout-inline elementor-align-center elementor-list-item-link-full_width elementor-widget elementor-widget-icon-list\" data-id=\"4df41f85\" data-element_type=\"widget\" data-widget_type=\"icon-list.default\">\n\t\t\t\t<div class=\"elementor-widget-container\">\n\t\t\t\t\t\t\t<ul class=\"elementor-icon-list-items elementor-inline-items\">\n\t\t\t\t\t\t\t<li class=\"elementor-icon-list-item elementor-inline-item\">\n\t\t\t\t\t\t\t\t\t\t<span class=\"elementor-icon-list-text\">Home<\/span>\n\t\t\t\t\t\t\t\t\t<\/li>\n\t\t\t\t\t\t\t\t<li class=\"elementor-icon-list-item elementor-inline-item\">\n\t\t\t\t\t\t\t\t\t\t\t<span class=\"elementor-icon-list-icon\">\n\t\t\t\t\t\t\t<i aria-hidden=\"true\" class=\"jki jki-right-arrow-8\"><\/i>\t\t\t\t\t\t<\/span>\n\t\t\t\t\t\t\t\t\t\t<span class=\"elementor-icon-list-text\">Parc national du lac Manyara<\/span>\n\t\t\t\t\t\t\t\t\t<\/li>\n\t\t\t\t\t\t<\/ul>\n\t\t\t\t\t\t<\/div>\n\t\t\t\t<\/div>\n\t\t\t\t\t<\/div>\n\t\t\t\t<\/div>\n\t\t<div class=\"elementor-element elementor-element-4e32b3bf e-flex e-con-boxed e-con e-parent\" data-id=\"4e32b3bf\" data-element_type=\"container\">\n\t\t\t\t\t<div class=\"e-con-inner\">\n\t\t\t\t<div class=\"elementor-element elementor-element-461a69c0 elementor-widget elementor-widget-jkit_heading\" data-id=\"461a69c0\" data-element_type=\"widget\" data-widget_type=\"jkit_heading.default\">\n\t\t\t\t<div class=\"elementor-widget-container\">\n\t\t\t\t\t<div  class=\"jeg-elementor-kit jkit-heading  align- align-tablet- align-mobile- jeg_module___69e6166ef1339\" ><div class=\"heading-section-title  display-inline-block\"><h2 class=\"heading-title\">Un sanctuaire de beaut\u00e9 pittoresque et de biodiversit\u00e9<\/h2><\/div><\/div>\t\t\t\t<\/div>\n\t\t\t\t<\/div>\n\t\t\t\t<div class=\"elementor-element elementor-element-1f619bb3 elementor-widget elementor-widget-text-editor\" data-id=\"1f619bb3\" data-element_type=\"widget\" data-widget_type=\"text-editor.default\">\n\t\t\t\t<div class=\"elementor-widget-container\">\n\t\t\t\t\t\t\t\t\t<p>Nich\u00e9 dans la vall\u00e9e du Grand <strong>Rift<\/strong>, au nord de la Tanzanie, le parc<strong> national du lac Manyara<\/strong> est une zone prot\u00e9g\u00e9e compacte mais riche en diversit\u00e9, r\u00e9put\u00e9e pour ses paysages \u00e9poustouflants, sa faune remarquable et son importance \u00e9cologique. Couvrant environ <strong>325<\/strong> <strong>kilom\u00e8tres carr\u00e9s (125 miles carr\u00e9s)<\/strong>, dont les deux tiers sont constitu\u00e9s du lac Manyara scintillant, ce parc est une r\u00e9serve de biosph\u00e8re class\u00e9e par l&rsquo;UNESCO. Sa combinaison unique d&rsquo;habitats et d&rsquo;accessibilit\u00e9 en fait un \u00e9l\u00e9ment essentiel du circuit de safari du nord de la Tanzanie.<\/p><hr \/><h3>G\u00e9ographie et diversit\u00e9 des \u00e9cosyst\u00e8mes<\/h3><p>Le parc national du lac Manyara se caract\u00e9rise par une gamme impressionnante d&rsquo;\u00e9cosyst\u00e8mes au sein de ses fronti\u00e8res compactes. Parmi ceux-ci, on peut citer :<\/p><p>\u00a0<\/p><ul><li><strong>For\u00eats souterraines :<\/strong> Aliment\u00e9es par des sources souterraines, ces for\u00eats luxuriantes sont domin\u00e9es par des figuiers et des acajous, offrant un environnement frais et ombrag\u00e9 regorgeant de vie.<\/li><li><strong>For\u00eats d&rsquo;acacias :<\/strong> Ces zones s\u00e8ches offrent un excellent p\u00e2turage et un abri \u00e0 une vari\u00e9t\u00e9 d&rsquo;herbivores.<\/li><li><strong>Lac alcalin Manyara :<\/strong> Ce lac de soude, riche en algues, est un aimant pour les oiseaux, en particulier les flamants roses et les p\u00e9licans.<\/li><li><strong>Savanes et marais :<\/strong> Les prairies ouvertes et les zones humides saisonni\u00e8res abritent diverses populations d&rsquo;animaux sauvages.<\/li><\/ul><p>L&#8217;emplacement du parc dans l&rsquo;escarpement de la vall\u00e9e du Rift offre des vues spectaculaires, avec les falaises abruptes de l&rsquo;escarpement encadrant le paysage et am\u00e9liorant l&rsquo;attrait visuel du parc.<\/p><hr \/><h3>Points forts de la faune<\/h3><h6>Le parc national du lac Manyara est c\u00e9l\u00e8bre pour la diversit\u00e9 de sa faune, qui prosp\u00e8re dans ses habitats vari\u00e9s. Parmi les esp\u00e8ces remarquables, on peut citer :<\/h6><ul><li><strong>Lions grimpeurs d\u2019arbres :<\/strong> l\u2019un des r\u00e9sidents les plus c\u00e9l\u00e8bres du parc, ces lions ont un comportement rare : se pr\u00e9lasser dans les branches des arbres, offrant un spectacle unique aux visiteurs.<\/li><li><strong>\u00c9l\u00e9phants :<\/strong> de grands troupeaux parcourent le parc, souvent aper\u00e7us dans les for\u00eats souterraines ou au bord du lac.<\/li><li><strong>Primates :<\/strong> des groupes de babouins et de singes vervets sont abondants dans les zones bois\u00e9es du parc.<\/li><li><strong>Girafes et z\u00e8bres :<\/strong> ces esp\u00e8ces embl\u00e9matiques sont fr\u00e9quemment aper\u00e7ues en train de pa\u00eetre dans les prairies du parc.<\/li><li><strong>Hippopotames :<\/strong> pr\u00e9sents dans les eaux du lac Manyara et des marais environnants, ils contribuent \u00e0 la diversit\u00e9 de la faune du parc.<\/li><\/ul><p>Le lac Manyara est \u00e9galement un paradis pour les amateurs d&rsquo;oiseaux, avec plus de <strong>400 esp\u00e8ces<\/strong> d&rsquo;oiseaux recens\u00e9es, notamment :<\/p><ul><li><strong>Flamants roses :<\/strong> pendant la saison des pluies, de vastes vol\u00e9es de flamants roses cr\u00e9ent un spectacle \u00e0 couper le souffle le long des rives du lac.<\/li><li><strong>P\u00e9licans, cigognes et h\u00e9rons :<\/strong> pr\u00e9sents toute l\u2019ann\u00e9e, ces oiseaux prosp\u00e8rent dans les habitats aquatiques du parc.<\/li><\/ul><hr \/><h3>Importance culturelle et historique<\/h3><p>Le parc national du lac Manyara est situ\u00e9 \u00e0 proximit\u00e9 des communaut\u00e9s des peuples <strong>Maasa\u00ef<\/strong> et <strong>Iraqw<\/strong>, dont les cultures cohabitent avec l&rsquo;environnement naturel depuis des si\u00e8cles. La ville voisine de <strong>Mto wa Mbu<\/strong> offre aux visiteurs l&rsquo;occasion de nouer des liens avec les communaut\u00e9s locales et d&rsquo;en apprendre davantage sur leurs traditions, leur artisanat et leurs pratiques agricoles.<\/p><p>La r\u00e9gion rev\u00eat \u00e9galement une importance arch\u00e9ologique, avec des traces d&rsquo;\u00e9tablissements humains anciens et d&rsquo;anciennes routes commerciales \u00e0 proximit\u00e9.<\/p><hr \/><h3>Exp\u00e9riences et activit\u00e9s pour les visiteurs<\/h3><p>Le parc national du lac Manyara propose une gamme d&rsquo;activit\u00e9s qui mettent en valeur ses caract\u00e9ristiques uniques\u00a0:<\/p><ul><li><strong>Safaris :<\/strong> La taille compacte du parc permet des safaris complets, o\u00f9 les visiteurs peuvent observer la faune de pr\u00e8s en peu de temps.<\/li><li><strong>Cano\u00eb (saisonnier) :<\/strong> Pendant la saison des pluies, le cano\u00eb sur le lac Manyara offre une perspective unique du parc et de son avifaune.<\/li><li><strong>Safaris \u00e0 pied :<\/strong> Des promenades guid\u00e9es \u00e0 travers les for\u00eats du parc et le long de l&rsquo;escarpement offrent des rencontres intimes avec sa flore et sa faune.<\/li><li><strong>Passerelles dans la cime des arbres :<\/strong> Des passerelles sur\u00e9lev\u00e9es permettent aux visiteurs d&rsquo;explorer la canop\u00e9e de la for\u00eat souterraine et de profiter de vues panoramiques.<\/li><li><strong>Visites culturelles<\/strong> : Des excursions dans les villages voisins tels que Mto wa Mbu offrent un aper\u00e7u du mode de vie local, de l&rsquo;artisanat traditionnel aux exp\u00e9riences culinaires.<\/li><\/ul><hr \/><h3>Efforts de conservation<\/h3><p>Le parc national du lac Manyara joue un r\u00f4le essentiel dans la conservation de la biodiversit\u00e9 unique de la vall\u00e9e du Rift. Cependant, il est confront\u00e9 \u00e0 des d\u00e9fis tels que :<\/p><ul><li><strong>Conflits entre l\u2019homme et la faune sauvage :<\/strong> la proximit\u00e9 des implantations humaines aux fronti\u00e8res du parc entra\u00eene parfois des conflits, notamment avec les \u00e9l\u00e9phants.<\/li><li><strong>Changement climatique :<\/strong> la variabilit\u00e9 des pr\u00e9cipitations a un impact sur le niveau d\u2019eau du lac, affectant \u00e0 la fois la faune sauvage et les populations d\u2019oiseaux.<\/li><li><strong>Empi\u00e8tement :<\/strong> l\u2019expansion de l\u2019agriculture et de l\u2019urbanisation dans les zones environnantes constitue une menace pour les \u00e9cosyst\u00e8mes du parc.<\/li><\/ul><p>Les initiatives de conservation men\u00e9es par le gouvernement tanzanien et des organisations non gouvernementales se concentrent sur la restauration de l\u2019habitat, les pratiques touristiques durables et l\u2019engagement communautaire pour assurer la viabilit\u00e9 \u00e0 long terme du parc.<\/p><hr \/><h3>Accessibilit\u00e9 et h\u00e9bergement<\/h3><p>Le parc national du lac Manyara est id\u00e9alement situ\u00e9 sur la route vers d\u2019autres attractions majeures, telles que le crat\u00e8re du Ngorongoro et le parc national du Serengeti. Sa proximit\u00e9 avec Arusha (\u00e0 deux heures de route) en fait un point de d\u00e9part id\u00e9al pour les safaris.<\/p><p>Les options d\u2019h\u00e9bergement vont des lodges de luxe et des camps de tentes aux options plus \u00e9conomiques, dont beaucoup offrent une vue imprenable sur la vall\u00e9e du Rift ou le lac lui-m\u00eame.<\/p><hr \/><h3>Pourquoi le lac Manyara se d\u00e9marque-t-il\u00a0?<\/h3><p>Le parc national du lac Manyara est peut-\u00eatre plus petit que ses homologues, mais il fait bien plus que son poids en termes de diversit\u00e9 \u00e9cologique et exp\u00e9rientielle. Son m\u00e9lange de for\u00eats luxuriantes, de lac scintillant et de prairies ouvertes cr\u00e9e une tapisserie visuelle et biologique qui captive les visiteurs. L\u2019accessibilit\u00e9 du parc, les comportements uniques de la faune et la diversit\u00e9 des activit\u00e9s en font une destination incontournable pour ceux qui recherchent une exp\u00e9rience de safari immersive et enrichissante.<\/p><p>\u00a0<\/p>\t\t\t\t\t\t\t\t<\/div>\n\t\t\t\t<\/div>\n\t\t\t\t\t<\/div>\n\t\t\t\t<\/div>\n\t\t<div class=\"elementor-element elementor-element-a56ccb5 e-flex e-con-boxed e-con e-parent\" data-id=\"a56ccb5\" data-element_type=\"container\">\n\t\t\t\t\t<div class=\"e-con-inner\">\n\t\t\t\t<div class=\"elementor-element elementor-element-562bd386 elementor-widget-divider--view-line elementor-widget elementor-widget-divider\" data-id=\"562bd386\" data-element_type=\"widget\" data-widget_type=\"divider.default\">\n\t\t\t\t<div class=\"elementor-widget-container\">\n\t\t\t\t\t\t\t<div class=\"elementor-divider\">\n\t\t\t<span class=\"elementor-divider-separator\">\n\t\t\t\t\t\t<\/span>\n\t\t<\/div>\n\t\t\t\t\t\t<\/div>\n\t\t\t\t<\/div>\n\t\t\t\t\t<\/div>\n\t\t\t\t<\/div>\n\t\t\t\t<\/div>\n\t\t","protected":false},"excerpt":{"rendered":"<p>Home Parc national du lac Manyara Un sanctuaire de beaut\u00e9 pittoresque et de biodiversit\u00e9 Nich\u00e9 dans la vall\u00e9e du Grand Rift, au nord de la Tanzanie, le parc national du lac Manyara est une zone prot\u00e9g\u00e9e compacte mais riche en diversit\u00e9, r\u00e9put\u00e9e pour ses paysages \u00e9poustouflants, sa faune remarquable et son importance \u00e9cologique. Couvrant environ [&hellip;]<\/p>\n","protected":false},"author":1,"featured_media":0,"parent":0,"menu_order":0,"comment_status":"closed","ping_status":"closed","template":"elementor_header_footer","meta":{"footnotes":""},"class_list":["post-1282","page","type-page","status-publish","hentry"],"yoast_head":"<!-- This site is optimized with the Yoast SEO plugin v24.8.1 - https:\/\/yoast.com\/wordpress\/plugins\/seo\/ -->\n<title>Parc national du lac Manyara - GoSwahili Adventure<\/title>\n<meta name=\"robots\" content=\"index, follow, max-snippet:-1, max-image-preview:large, max-video-preview:-1\" \/>\n<link rel=\"canonical\" href=\"https:\/\/goswahiliadventure.com\/fr\/parc-national-du-lac-manyara\/\" \/>\n<meta property=\"og:locale\" content=\"fr_FR\" \/>\n<meta property=\"og:type\" content=\"article\" \/>\n<meta property=\"og:title\" content=\"Parc national du lac Manyara - GoSwahili Adventure\" \/>\n<meta property=\"og:description\" content=\"Home Parc national du lac Manyara Un sanctuaire de beaut\u00e9 pittoresque et de biodiversit\u00e9 Nich\u00e9 dans la vall\u00e9e du Grand Rift, au nord de la Tanzanie, le parc national du lac Manyara est une zone prot\u00e9g\u00e9e compacte mais riche en diversit\u00e9, r\u00e9put\u00e9e pour ses paysages \u00e9poustouflants, sa faune remarquable et son importance \u00e9cologique. Couvrant environ [&hellip;]\" \/>\n<meta property=\"og:url\" content=\"https:\/\/goswahiliadventure.com\/fr\/parc-national-du-lac-manyara\/\" \/>\n<meta property=\"og:site_name\" content=\"GoSwahili Adventure\" \/>\n<meta property=\"article:publisher\" content=\"https:\/\/www.facebook.com\/GoSwahiliAdventure?mibextid=wwXIfr&amp;rdid=YyYoXYpEJYG3biBn&amp;share_url=httpswww.facebook.comshare15seWCRZNJmibextidwwXIfr#\" \/>\n<meta property=\"article:modified_time\" content=\"2025-01-30T15:35:34+00:00\" \/>\n<meta name=\"twitter:card\" content=\"summary_large_image\" \/>\n<meta name=\"twitter:label1\" content=\"Dur\u00e9e de lecture estim\u00e9e\" \/>\n\t<meta name=\"twitter:data1\" content=\"5 minutes\" \/>\n<script type=\"application\/ld+json\" class=\"yoast-schema-graph\">{\"@context\":\"https:\/\/schema.org\",\"@graph\":[{\"@type\":\"WebPage\",\"@id\":\"https:\/\/goswahiliadventure.com\/fr\/parc-national-du-lac-manyara\/\",\"url\":\"https:\/\/goswahiliadventure.com\/fr\/parc-national-du-lac-manyara\/\",\"name\":\"Parc national du lac Manyara - GoSwahili Adventure\",\"isPartOf\":{\"@id\":\"https:\/\/goswahiliadventure.com\/de\/#website\"},\"datePublished\":\"2024-12-16T07:54:28+00:00\",\"dateModified\":\"2025-01-30T15:35:34+00:00\",\"breadcrumb\":{\"@id\":\"https:\/\/goswahiliadventure.com\/fr\/parc-national-du-lac-manyara\/#breadcrumb\"},\"inLanguage\":\"fr-FR\",\"potentialAction\":[{\"@type\":\"ReadAction\",\"target\":[\"https:\/\/goswahiliadventure.com\/fr\/parc-national-du-lac-manyara\/\"]}]},{\"@type\":\"BreadcrumbList\",\"@id\":\"https:\/\/goswahiliadventure.com\/fr\/parc-national-du-lac-manyara\/#breadcrumb\",\"itemListElement\":[{\"@type\":\"ListItem\",\"position\":1,\"name\":\"Home\",\"item\":\"https:\/\/goswahiliadventure.com\/fr\/\"},{\"@type\":\"ListItem\",\"position\":2,\"name\":\"Parc national du lac Manyara\"}]},{\"@type\":\"WebSite\",\"@id\":\"https:\/\/goswahiliadventure.com\/de\/#website\",\"url\":\"https:\/\/goswahiliadventure.com\/de\/\",\"name\":\"Go Swahili adventure\",\"description\":\"Travel and Hospitality\",\"publisher\":{\"@id\":\"https:\/\/goswahiliadventure.com\/de\/#organization\"},\"potentialAction\":[{\"@type\":\"SearchAction\",\"target\":{\"@type\":\"EntryPoint\",\"urlTemplate\":\"https:\/\/goswahiliadventure.com\/de\/?s={search_term_string}\"},\"query-input\":{\"@type\":\"PropertyValueSpecification\",\"valueRequired\":true,\"valueName\":\"search_term_string\"}}],\"inLanguage\":\"fr-FR\"},{\"@type\":\"Organization\",\"@id\":\"https:\/\/goswahiliadventure.com\/de\/#organization\",\"name\":\"Go Swahili adventure\",\"url\":\"https:\/\/goswahiliadventure.com\/de\/\",\"logo\":{\"@type\":\"ImageObject\",\"inLanguage\":\"fr-FR\",\"@id\":\"https:\/\/goswahiliadventure.com\/de\/#\/schema\/logo\/image\/\",\"url\":\"https:\/\/goswahiliadventure.com\/wp-content\/uploads\/2025\/03\/IMG_8940-1-scaled-1.jpg\",\"contentUrl\":\"https:\/\/goswahiliadventure.com\/wp-content\/uploads\/2025\/03\/IMG_8940-1-scaled-1.jpg\",\"width\":2560,\"height\":1920,\"caption\":\"Go Swahili adventure\"},\"image\":{\"@id\":\"https:\/\/goswahiliadventure.com\/de\/#\/schema\/logo\/image\/\"},\"sameAs\":[\"https:\/\/www.facebook.com\/GoSwahiliAdventure?mibextid=wwXIfr&rdid=YyYoXYpEJYG3biBn&share_url=httpswww.facebook.comshare15seWCRZNJmibextidwwXIfr#\",\"https:\/\/www.instagram.com\/goswahili_adventure?igsh=MTlsOXRwZTJwc2c1NQ&utm_source=qr\"]}]}<\/script>\n<!-- \/ Yoast SEO plugin. -->","yoast_head_json":{"title":"Parc national du lac Manyara - GoSwahili Adventure","robots":{"index":"index","follow":"follow","max-snippet":"max-snippet:-1","max-image-preview":"max-image-preview:large","max-video-preview":"max-video-preview:-1"},"canonical":"https:\/\/goswahiliadventure.com\/fr\/parc-national-du-lac-manyara\/","og_locale":"fr_FR","og_type":"article","og_title":"Parc national du lac Manyara - GoSwahili Adventure","og_description":"Home Parc national du lac Manyara Un sanctuaire de beaut\u00e9 pittoresque et de biodiversit\u00e9 Nich\u00e9 dans la vall\u00e9e du Grand Rift, au nord de la Tanzanie, le parc national du lac Manyara est une zone prot\u00e9g\u00e9e compacte mais riche en diversit\u00e9, r\u00e9put\u00e9e pour ses paysages \u00e9poustouflants, sa faune remarquable et son importance \u00e9cologique. Couvrant environ [&hellip;]","og_url":"https:\/\/goswahiliadventure.com\/fr\/parc-national-du-lac-manyara\/","og_site_name":"GoSwahili Adventure","article_publisher":"https:\/\/www.facebook.com\/GoSwahiliAdventure?mibextid=wwXIfr&rdid=YyYoXYpEJYG3biBn&share_url=httpswww.facebook.comshare15seWCRZNJmibextidwwXIfr#","article_modified_time":"2025-01-30T15:35:34+00:00","twitter_card":"summary_large_image","twitter_misc":{"Dur\u00e9e de lecture estim\u00e9e":"5 minutes"},"schema":{"@context":"https:\/\/schema.org","@graph":[{"@type":"WebPage","@id":"https:\/\/goswahiliadventure.com\/fr\/parc-national-du-lac-manyara\/","url":"https:\/\/goswahiliadventure.com\/fr\/parc-national-du-lac-manyara\/","name":"Parc national du lac Manyara - GoSwahili Adventure","isPartOf":{"@id":"https:\/\/goswahiliadventure.com\/de\/#website"},"datePublished":"2024-12-16T07:54:28+00:00","dateModified":"2025-01-30T15:35:34+00:00","breadcrumb":{"@id":"https:\/\/goswahiliadventure.com\/fr\/parc-national-du-lac-manyara\/#breadcrumb"},"inLanguage":"fr-FR","potentialAction":[{"@type":"ReadAction","target":["https:\/\/goswahiliadventure.com\/fr\/parc-national-du-lac-manyara\/"]}]},{"@type":"BreadcrumbList","@id":"https:\/\/goswahiliadventure.com\/fr\/parc-national-du-lac-manyara\/#breadcrumb","itemListElement":[{"@type":"ListItem","position":1,"name":"Home","item":"https:\/\/goswahiliadventure.com\/fr\/"},{"@type":"ListItem","position":2,"name":"Parc national du lac Manyara"}]},{"@type":"WebSite","@id":"https:\/\/goswahiliadventure.com\/de\/#website","url":"https:\/\/goswahiliadventure.com\/de\/","name":"Go Swahili adventure","description":"Travel and Hospitality","publisher":{"@id":"https:\/\/goswahiliadventure.com\/de\/#organization"},"potentialAction":[{"@type":"SearchAction","target":{"@type":"EntryPoint","urlTemplate":"https:\/\/goswahiliadventure.com\/de\/?s={search_term_string}"},"query-input":{"@type":"PropertyValueSpecification","valueRequired":true,"valueName":"search_term_string"}}],"inLanguage":"fr-FR"},{"@type":"Organization","@id":"https:\/\/goswahiliadventure.com\/de\/#organization","name":"Go Swahili adventure","url":"https:\/\/goswahiliadventure.com\/de\/","logo":{"@type":"ImageObject","inLanguage":"fr-FR","@id":"https:\/\/goswahiliadventure.com\/de\/#\/schema\/logo\/image\/","url":"https:\/\/goswahiliadventure.com\/wp-content\/uploads\/2025\/03\/IMG_8940-1-scaled-1.jpg","contentUrl":"https:\/\/goswahiliadventure.com\/wp-content\/uploads\/2025\/03\/IMG_8940-1-scaled-1.jpg","width":2560,"height":1920,"caption":"Go Swahili adventure"},"image":{"@id":"https:\/\/goswahiliadventure.com\/de\/#\/schema\/logo\/image\/"},"sameAs":["https:\/\/www.facebook.com\/GoSwahiliAdventure?mibextid=wwXIfr&rdid=YyYoXYpEJYG3biBn&share_url=httpswww.facebook.comshare15seWCRZNJmibextidwwXIfr#","https:\/\/www.instagram.com\/goswahili_adventure?igsh=MTlsOXRwZTJwc2c1NQ&utm_source=qr"]}]}},"_links":{"self":[{"href":"https:\/\/goswahiliadventure.com\/fr\/wp-json\/wp\/v2\/pages\/1282","targetHints":{"allow":["GET"]}}],"collection":[{"href":"https:\/\/goswahiliadventure.com\/fr\/wp-json\/wp\/v2\/pages"}],"about":[{"href":"https:\/\/goswahiliadventure.com\/fr\/wp-json\/wp\/v2\/types\/page"}],"author":[{"embeddable":true,"href":"https:\/\/goswahiliadventure.com\/fr\/wp-json\/wp\/v2\/users\/1"}],"replies":[{"embeddable":true,"href":"https:\/\/goswahiliadventure.com\/fr\/wp-json\/wp\/v2\/comments?post=1282"}],"version-history":[{"count":3,"href":"https:\/\/goswahiliadventure.com\/fr\/wp-json\/wp\/v2\/pages\/1282\/revisions"}],"predecessor-version":[{"id":1643,"href":"https:\/\/goswahiliadventure.com\/fr\/wp-json\/wp\/v2\/pages\/1282\/revisions\/1643"}],"wp:attachment":[{"href":"https:\/\/goswahiliadventure.com\/fr\/wp-json\/wp\/v2\/media?parent=1282"}],"curies":[{"name":"wp","href":"https:\/\/api.w.org\/{rel}","templated":true}]}}