{"id":1284,"date":"2024-12-16T08:06:16","date_gmt":"2024-12-16T08:06:16","guid":{"rendered":"https:\/\/goswahiliadventure.com\/zone-de-conservation-du-ngorongoro\/"},"modified":"2025-01-30T16:21:02","modified_gmt":"2025-01-30T16:21:02","slug":"zone-de-conservation-du-ngorongoro","status":"publish","type":"page","link":"https:\/\/goswahiliadventure.com\/fr\/zone-de-conservation-du-ngorongoro\/","title":{"rendered":"Zone de conservation du Ngorongoro"},"content":{"rendered":"\t\t<div data-elementor-type=\"wp-page\" data-elementor-id=\"1284\" class=\"elementor elementor-1284\" data-elementor-post-type=\"page\">\n\t\t\t\t<div class=\"elementor-element elementor-element-236055a9 e-flex e-con-boxed e-con e-parent\" data-id=\"236055a9\" data-element_type=\"container\" data-settings=\"{&quot;background_background&quot;:&quot;classic&quot;}\">\n\t\t\t\t\t<div class=\"e-con-inner\">\n\t\t\t\t<div class=\"elementor-element elementor-element-578da312 elementor-icon-list--layout-inline elementor-align-center elementor-list-item-link-full_width elementor-widget elementor-widget-icon-list\" data-id=\"578da312\" data-element_type=\"widget\" data-widget_type=\"icon-list.default\">\n\t\t\t\t<div class=\"elementor-widget-container\">\n\t\t\t\t\t\t\t<ul class=\"elementor-icon-list-items elementor-inline-items\">\n\t\t\t\t\t\t\t<li class=\"elementor-icon-list-item elementor-inline-item\">\n\t\t\t\t\t\t\t\t\t\t<span class=\"elementor-icon-list-text\">Maison<\/span>\n\t\t\t\t\t\t\t\t\t<\/li>\n\t\t\t\t\t\t\t\t<li class=\"elementor-icon-list-item elementor-inline-item\">\n\t\t\t\t\t\t\t\t\t\t\t<span class=\"elementor-icon-list-icon\">\n\t\t\t\t\t\t\t<i aria-hidden=\"true\" class=\"jki jki-right-arrow-8\"><\/i>\t\t\t\t\t\t<\/span>\n\t\t\t\t\t\t\t\t\t\t<span class=\"elementor-icon-list-text\">Zone de conservation de Ngorongoro<\/span>\n\t\t\t\t\t\t\t\t\t<\/li>\n\t\t\t\t\t\t<\/ul>\n\t\t\t\t\t\t<\/div>\n\t\t\t\t<\/div>\n\t\t\t\t<div class=\"elementor-element elementor-element-3218d00f elementor-widget elementor-widget-heading\" data-id=\"3218d00f\" data-element_type=\"widget\" data-widget_type=\"heading.default\">\n\t\t\t\t<div class=\"elementor-widget-container\">\n\t\t\t\t\t<h2 class=\"elementor-heading-title elementor-size-default\">Zone de conservation de Ngorongoro<\/h2>\t\t\t\t<\/div>\n\t\t\t\t<\/div>\n\t\t\t\t\t<\/div>\n\t\t\t\t<\/div>\n\t\t<div class=\"elementor-element elementor-element-ff995e1 e-flex e-con-boxed e-con e-parent\" data-id=\"ff995e1\" data-element_type=\"container\">\n\t\t\t\t\t<div class=\"e-con-inner\">\n\t\t\t\t<div class=\"elementor-element elementor-element-4e92426 elementor-widget elementor-widget-jkit_heading\" data-id=\"4e92426\" data-element_type=\"widget\" data-widget_type=\"jkit_heading.default\">\n\t\t\t\t<div class=\"elementor-widget-container\">\n\t\t\t\t\t<div  class=\"jeg-elementor-kit jkit-heading  align- align-tablet- align-mobile- jeg_module___69e62c17e54a4\" ><div class=\"heading-section-title  display-inline-block\"><h2 class=\"heading-title\">Un tr\u00e9sor mondial de biodiversit\u00e9 et de patrimoine culturel<\/h2><\/div><\/div>\t\t\t\t<\/div>\n\t\t\t\t<\/div>\n\t\t\t\t<div class=\"elementor-element elementor-element-2a5565dc elementor-widget elementor-widget-text-editor\" data-id=\"2a5565dc\" data-element_type=\"widget\" data-widget_type=\"text-editor.default\">\n\t\t\t\t<div class=\"elementor-widget-container\">\n\t\t\t\t\t\t\t\t\t<p>La <strong>zone de conservation de Ngorongoro<\/strong> (NCA), situ\u00e9e dans le nord de la Tanzanie, est l\u2019une des zones de conservation les plus remarquables au monde, alliant des paysages \u00e0 couper le souffle, une biodiversit\u00e9 sans pareille et une profonde signification culturelle. Couvrant environ <strong>8 292 kilom\u00e8tres carr\u00e9s (3 202 miles carr\u00e9s),<\/strong> elle est inscrite au patrimoine mondial de l\u2019UNESCO et fait partie int\u00e9grante du circuit de safari du nord de la Tanzanie.<\/p><p>La NCA est unique en ce sens qu\u2019elle soutient \u00e0 la fois la conservation de la faune et les modes de vie traditionnels du peuple autochtone Massa\u00ef, ce qui en fait un mod\u00e8le pionnier de gestion des terres \u00e0 <strong>usages multiples.<\/strong> Domin\u00e9 par l\u2019embl\u00e9matique crat\u00e8re de Ngorongoro, la zone fait \u00e9galement partie de l\u2019\u00e9cosyst\u00e8me du Serengeti, contribuant de mani\u00e8re significative \u00e0 la protection de la biodiversit\u00e9 africaine.<\/p><hr \/><h3>Le crat\u00e8re de Ngorongoro : une merveille naturelle<\/h3><p>Au c\u0153ur de la zone de conservation se trouve le<strong> crat\u00e8re de Ngorongoro<\/strong>, la plus grande caldeira volcanique intacte et non combl\u00e9e au monde. Mesurant environ<strong> 19 kilom\u00e8tres de diam\u00e8tre et couvrant 264 kilom\u00e8tres carr\u00e9s<\/strong>, le crat\u00e8re est un \u00e9cosyst\u00e8me autonome qui abrite une concentration extraordinaire d&rsquo;animaux sauvages.<\/p><p>Les principales caract\u00e9ristiques du crat\u00e8re sont les suivantes.<\/p><ul><li><strong>For\u00eat de Lerai\u00a0:<\/strong> une zone bois\u00e9e luxuriante, abritant des \u00e9l\u00e9phants, des l\u00e9opards et des singes.<\/li><li><strong>Lac Makat Soda\u00a0:<\/strong> un lac alcalin peu profond fr\u00e9quent\u00e9 par des flamants roses et d&rsquo;autres oiseaux aquatiques.<\/li><li><strong>Prairies ouvertes\u00a0:<\/strong> de vastes plaines qui offrent des p\u00e2turages aux grands herbivores et des terrains de chasse aux pr\u00e9dateurs.<\/li><\/ul><p>Le crat\u00e8re du Ngorongoro est souvent appel\u00e9 la \u00ab huiti\u00e8me merveille du monde \u00bb en raison de sa grandeur g\u00e9ologique et de sa faune dense.<\/p><hr \/><ul><li><h3>Une biodiversit\u00e9 exceptionnelle<\/h3><p>La zone de conservation de Ngorongoro abrite l&rsquo;une des populations d&rsquo;animaux sauvages les plus denses d&rsquo;Afrique, ce qui en fait une destination de choix pour les amateurs de safari et les d\u00e9fenseurs de l&rsquo;environnement. Les principales esp\u00e8ces sont les suivantes :<\/p><\/li><li><strong>Big Five :<\/strong> lions, l\u00e9opards, \u00e9l\u00e9phants, buffles et rhinoc\u00e9ros (le rhinoc\u00e9ros noir, en voie de disparition critique, est particuli\u00e8rement remarquable).<\/li><li><strong>Herbivores :<\/strong> de grands troupeaux de gnous, de z\u00e8bres et de gazelles prosp\u00e8rent sur le fond du crat\u00e8re, ainsi que des hippopotames dans ses plans d&rsquo;eau.<\/li><li><strong>Vie ornithologique :<\/strong> plus de 500 esp\u00e8ces d&rsquo;oiseaux, dont des autruches, des grues couronn\u00e9es et des secr\u00e9taires sagittaires, contribuent \u00e0 la riche diversit\u00e9 aviaire de la r\u00e9gion.<\/li><\/ul><p>La NCA sert \u00e9galement de corridor important pour les esp\u00e8ces migratrices telles que les gnous et les z\u00e8bres pendant la <strong>Grande Migration<\/strong>, reliant le parc national du Serengeti aux \u00e9cosyst\u00e8mes environnants.<\/p><hr \/><h3>Importance culturelle<\/h3><p>La zone de conservation de Ngorongoro abrite le peuple Massa\u00ef, qui vit en harmonie avec la terre et sa faune depuis des si\u00e8cles. Les Massa\u00ef continuent de pratiquer leur mode de vie pastoral traditionnel, faisant pa\u00eetre leur b\u00e9tail aux c\u00f4t\u00e9s des animaux sauvages, ce qui t\u00e9moigne d&rsquo;une coexistence durable.<\/p><p>Les attractions culturelles de la r\u00e9gion comprennent\u00a0:<\/p><ul><li><strong>Bomas Maasa\u00ef\u00a0:<\/strong> les visiteurs peuvent d\u00e9couvrir la culture Maasa\u00ef en visitant des fermes traditionnelles, o\u00f9 ils d\u00e9couvrent leurs coutumes, leurs danses et leur artisanat.<br \/><strong>Olduvai Gorge\u00a0:<\/strong> connu sous le nom de \u00ab\u00a0berceau de l&rsquo;humanit\u00e9\u00a0\u00bb, ce site arch\u00e9ologique au sein de la NCA contient certaines des premi\u00e8res preuves d&rsquo;anc\u00eatres humains, notamment des d\u00e9couvertes de la famille Leakey qui ont r\u00e9volutionn\u00e9 notre compr\u00e9hension de l&rsquo;\u00e9volution humaine.<\/li><\/ul><hr \/><ul><li><h3>Conservation et gestion des terres<\/h3><p>La zone de conservation de Ngorongoro est un mod\u00e8le r\u00e9volutionnaire de conservation int\u00e9gr\u00e9e, qui allie protection de la faune et habitation humaine. Cette approche \u00e0 usages multiples la distingue des parcs nationaux, o\u00f9 l&rsquo;installation humaine est g\u00e9n\u00e9ralement interdite. Les principaux aspects de cette strat\u00e9gie de gestion comprennent :<\/p><\/li><li><strong>Conservation de la faune sauvage :<\/strong> efforts visant \u00e0 prot\u00e9ger les esp\u00e8ces menac\u00e9es telles que les rhinoc\u00e9ros noirs et \u00e0 maintenir des populations saines d&rsquo;autres esp\u00e8ces sauvages.<\/li><li><strong>Implication communautaire :<\/strong> les Masa\u00ef sont des acteurs cl\u00e9s, b\u00e9n\u00e9ficiant d&rsquo;initiatives qui favorisent des moyens de subsistance durables tout en pr\u00e9servant leur patrimoine culturel.<\/li><li><strong>Partage des revenus du tourisme :<\/strong> les revenus g\u00e9n\u00e9r\u00e9s par le tourisme soutiennent \u00e0 la fois les projets de conservation et de d\u00e9veloppement local.<\/li><\/ul><p>Malgr\u00e9 ces succ\u00e8s, la NCA est confront\u00e9e \u00e0 des d\u00e9fis tels que la croissance d\u00e9mographique, les conflits entre l\u2019homme et la faune sauvage et la d\u00e9gradation de l\u2019environnement. Des efforts continus visent \u00e0 r\u00e9soudre ces probl\u00e8mes gr\u00e2ce \u00e0 des approches innovantes en mati\u00e8re d\u2019utilisation durable des terres et de conservation.<\/p><hr \/><h3>Tourisme dans la NCA<\/h3><p>La zone de conservation de Ngorongoro est l\u2019une des destinations touristiques les plus populaires de Tanzanie, offrant une gamme d\u2019exp\u00e9riences :<\/p><ul><li><strong>Safaris :<\/strong> les visiteurs du fond du crat\u00e8re rencontrent une densit\u00e9 extraordinaire d&rsquo;animaux sauvages en une seule journ\u00e9e, y compris des occasions de voir les Big Five.<\/li><li><strong>Visites culturelles :<\/strong> les interactions avec les Maasa\u00ef donnent un aper\u00e7u de leur mode de vie traditionnel et de leur relation avec la terre.<\/li><li><strong>Safaris \u00e0 pied :<\/strong> des randonn\u00e9es guid\u00e9es sur le bord du crat\u00e8re et les environs offrent une exploration plus intime du paysage.<\/li><li><strong>Mus\u00e9e des gorges d&rsquo;Olduvai :<\/strong> une visite de ce site mondialement connu offre un aper\u00e7u fascinant de l&rsquo;histoire de l&rsquo;\u00e9volution humaine.<\/li><\/ul><p>Les h\u00e9bergements propos\u00e9s vont des lodges de luxe perch\u00e9s sur le bord du crat\u00e8re, offrant des vues panoramiques, aux options plus modestes qui garantissent l&rsquo;accessibilit\u00e9 \u00e0 une vari\u00e9t\u00e9 de voyageurs.<\/p><hr \/><h3>Importance et d\u00e9fis mondiaux<\/h3><p>La zone de conservation de Ngorongoro joue un r\u00f4le essentiel dans la conservation mondiale et la pr\u00e9servation culturelle. Cependant, elle est confront\u00e9e \u00e0 des d\u00e9fis importants, notamment :<\/p><ul><li><strong>Pression exerc\u00e9e par le tourisme :<\/strong> bien que le tourisme soit une source vitale de revenus, sa croissance n\u00e9cessite une gestion prudente pour \u00e9viter une surexploitation des ressources.<\/li><li><strong>Conflits li\u00e9s \u00e0 l&rsquo;utilisation des terres :<\/strong> \u00e9quilibrer les besoins des Maasa\u00ef avec la conservation de la faune sauvage est un d\u00e9fi permanent \u00e0 mesure que la population humaine augmente.<\/li><li><strong>Changement climatique :<\/strong> les changements dans les r\u00e9gimes de pr\u00e9cipitations et la hausse des temp\u00e9ratures menacent les \u00e9cosyst\u00e8mesfragiles de la NCA.<\/li><\/ul><p>Pour r\u00e9soudre ces probl\u00e8mes, le gouvernement tanzanien, les organisations de conservation et les communaut\u00e9s locales travaillent ensemble pour promouvoir des pratiques durables et assurer la protection \u00e0 long terme de cette zone unique.<\/p><hr \/><h3>Pourquoi Ngorongoro est important<\/h3><p>La zone de conservation de Ngorongoro est plus qu&rsquo;une attraction touristique ; c&rsquo;est un symbole mondial de biodiversit\u00e9, de patrimoine culturel et de conservation durable. Elle illustre l&rsquo;\u00e9quilibre d\u00e9licat entre la pr\u00e9servation des \u00e9cosyst\u00e8mes naturels et le soutien des moyens de subsistance humains, offrant un mod\u00e8le pour les zones de conservation du monde entier.<\/p><p>Pour les visiteurs, la NCA offre une exp\u00e9rience inoubliable, m\u00ealant rencontres avec la faune, immersion culturelle et lien profond avec l&rsquo;histoire ancienne de la terre et de l&rsquo;humanit\u00e9. C&rsquo;est un lieu o\u00f9 le pass\u00e9 et le pr\u00e9sent se rencontrent, cr\u00e9ant une vision de la conservation qui contient des le\u00e7ons pour l&rsquo;avenir.<\/p><p>\u00a0<\/p>\t\t\t\t\t\t\t\t<\/div>\n\t\t\t\t<\/div>\n\t\t\t\t\t<\/div>\n\t\t\t\t<\/div>\n\t\t<div class=\"elementor-element elementor-element-6de60fdf e-flex e-con-boxed e-con e-parent\" data-id=\"6de60fdf\" data-element_type=\"container\">\n\t\t\t\t\t<div class=\"e-con-inner\">\n\t\t\t\t<div class=\"elementor-element elementor-element-40d8b839 elementor-widget-divider--view-line elementor-widget elementor-widget-divider\" data-id=\"40d8b839\" data-element_type=\"widget\" data-widget_type=\"divider.default\">\n\t\t\t\t<div class=\"elementor-widget-container\">\n\t\t\t\t\t\t\t<div class=\"elementor-divider\">\n\t\t\t<span class=\"elementor-divider-separator\">\n\t\t\t\t\t\t<\/span>\n\t\t<\/div>\n\t\t\t\t\t\t<\/div>\n\t\t\t\t<\/div>\n\t\t\t\t\t<\/div>\n\t\t\t\t<\/div>\n\t\t\t\t<\/div>\n\t\t","protected":false},"excerpt":{"rendered":"<p>Maison Zone de conservation de Ngorongoro Zone de conservation de Ngorongoro Un tr\u00e9sor mondial de biodiversit\u00e9 et de patrimoine culturel La zone de conservation de Ngorongoro (NCA), situ\u00e9e dans le nord de la Tanzanie, est l\u2019une des zones de conservation les plus remarquables au monde, alliant des paysages \u00e0 couper le souffle, une biodiversit\u00e9 sans [&hellip;]<\/p>\n","protected":false},"author":1,"featured_media":0,"parent":0,"menu_order":0,"comment_status":"closed","ping_status":"closed","template":"elementor_header_footer","meta":{"footnotes":""},"class_list":["post-1284","page","type-page","status-publish","hentry"],"yoast_head":"<!-- This site is optimized with the Yoast SEO plugin v24.8.1 - https:\/\/yoast.com\/wordpress\/plugins\/seo\/ -->\n<title>Zone de conservation du Ngorongoro - GoSwahili Adventure<\/title>\n<meta name=\"robots\" content=\"index, follow, max-snippet:-1, max-image-preview:large, max-video-preview:-1\" \/>\n<link rel=\"canonical\" href=\"https:\/\/goswahiliadventure.com\/fr\/zone-de-conservation-du-ngorongoro\/\" \/>\n<meta property=\"og:locale\" content=\"fr_FR\" \/>\n<meta property=\"og:type\" content=\"article\" \/>\n<meta property=\"og:title\" content=\"Zone de conservation du Ngorongoro - GoSwahili Adventure\" \/>\n<meta property=\"og:description\" content=\"Maison Zone de conservation de Ngorongoro Zone de conservation de Ngorongoro Un tr\u00e9sor mondial de biodiversit\u00e9 et de patrimoine culturel La zone de conservation de Ngorongoro (NCA), situ\u00e9e dans le nord de la Tanzanie, est l\u2019une des zones de conservation les plus remarquables au monde, alliant des paysages \u00e0 couper le souffle, une biodiversit\u00e9 sans [&hellip;]\" \/>\n<meta property=\"og:url\" content=\"https:\/\/goswahiliadventure.com\/fr\/zone-de-conservation-du-ngorongoro\/\" \/>\n<meta property=\"og:site_name\" content=\"GoSwahili Adventure\" \/>\n<meta property=\"article:publisher\" content=\"https:\/\/www.facebook.com\/GoSwahiliAdventure?mibextid=wwXIfr&amp;rdid=YyYoXYpEJYG3biBn&amp;share_url=httpswww.facebook.comshare15seWCRZNJmibextidwwXIfr#\" \/>\n<meta property=\"article:modified_time\" content=\"2025-01-30T16:21:02+00:00\" \/>\n<meta name=\"twitter:card\" content=\"summary_large_image\" \/>\n<meta name=\"twitter:label1\" content=\"Dur\u00e9e de lecture estim\u00e9e\" \/>\n\t<meta name=\"twitter:data1\" content=\"6 minutes\" \/>\n<script type=\"application\/ld+json\" class=\"yoast-schema-graph\">{\"@context\":\"https:\/\/schema.org\",\"@graph\":[{\"@type\":\"WebPage\",\"@id\":\"https:\/\/goswahiliadventure.com\/fr\/zone-de-conservation-du-ngorongoro\/\",\"url\":\"https:\/\/goswahiliadventure.com\/fr\/zone-de-conservation-du-ngorongoro\/\",\"name\":\"Zone de conservation du Ngorongoro - GoSwahili Adventure\",\"isPartOf\":{\"@id\":\"https:\/\/goswahiliadventure.com\/de\/#website\"},\"datePublished\":\"2024-12-16T08:06:16+00:00\",\"dateModified\":\"2025-01-30T16:21:02+00:00\",\"breadcrumb\":{\"@id\":\"https:\/\/goswahiliadventure.com\/fr\/zone-de-conservation-du-ngorongoro\/#breadcrumb\"},\"inLanguage\":\"fr-FR\",\"potentialAction\":[{\"@type\":\"ReadAction\",\"target\":[\"https:\/\/goswahiliadventure.com\/fr\/zone-de-conservation-du-ngorongoro\/\"]}]},{\"@type\":\"BreadcrumbList\",\"@id\":\"https:\/\/goswahiliadventure.com\/fr\/zone-de-conservation-du-ngorongoro\/#breadcrumb\",\"itemListElement\":[{\"@type\":\"ListItem\",\"position\":1,\"name\":\"Home\",\"item\":\"https:\/\/goswahiliadventure.com\/fr\/\"},{\"@type\":\"ListItem\",\"position\":2,\"name\":\"Zone de conservation du Ngorongoro\"}]},{\"@type\":\"WebSite\",\"@id\":\"https:\/\/goswahiliadventure.com\/de\/#website\",\"url\":\"https:\/\/goswahiliadventure.com\/de\/\",\"name\":\"Go Swahili adventure\",\"description\":\"Travel and Hospitality\",\"publisher\":{\"@id\":\"https:\/\/goswahiliadventure.com\/de\/#organization\"},\"potentialAction\":[{\"@type\":\"SearchAction\",\"target\":{\"@type\":\"EntryPoint\",\"urlTemplate\":\"https:\/\/goswahiliadventure.com\/de\/?s={search_term_string}\"},\"query-input\":{\"@type\":\"PropertyValueSpecification\",\"valueRequired\":true,\"valueName\":\"search_term_string\"}}],\"inLanguage\":\"fr-FR\"},{\"@type\":\"Organization\",\"@id\":\"https:\/\/goswahiliadventure.com\/de\/#organization\",\"name\":\"Go Swahili adventure\",\"url\":\"https:\/\/goswahiliadventure.com\/de\/\",\"logo\":{\"@type\":\"ImageObject\",\"inLanguage\":\"fr-FR\",\"@id\":\"https:\/\/goswahiliadventure.com\/de\/#\/schema\/logo\/image\/\",\"url\":\"https:\/\/goswahiliadventure.com\/wp-content\/uploads\/2025\/03\/IMG_8940-1-scaled-1.jpg\",\"contentUrl\":\"https:\/\/goswahiliadventure.com\/wp-content\/uploads\/2025\/03\/IMG_8940-1-scaled-1.jpg\",\"width\":2560,\"height\":1920,\"caption\":\"Go Swahili adventure\"},\"image\":{\"@id\":\"https:\/\/goswahiliadventure.com\/de\/#\/schema\/logo\/image\/\"},\"sameAs\":[\"https:\/\/www.facebook.com\/GoSwahiliAdventure?mibextid=wwXIfr&rdid=YyYoXYpEJYG3biBn&share_url=httpswww.facebook.comshare15seWCRZNJmibextidwwXIfr#\",\"https:\/\/www.instagram.com\/goswahili_adventure?igsh=MTlsOXRwZTJwc2c1NQ&utm_source=qr\"]}]}<\/script>\n<!-- \/ Yoast SEO plugin. -->","yoast_head_json":{"title":"Zone de conservation du Ngorongoro - GoSwahili Adventure","robots":{"index":"index","follow":"follow","max-snippet":"max-snippet:-1","max-image-preview":"max-image-preview:large","max-video-preview":"max-video-preview:-1"},"canonical":"https:\/\/goswahiliadventure.com\/fr\/zone-de-conservation-du-ngorongoro\/","og_locale":"fr_FR","og_type":"article","og_title":"Zone de conservation du Ngorongoro - GoSwahili Adventure","og_description":"Maison Zone de conservation de Ngorongoro Zone de conservation de Ngorongoro Un tr\u00e9sor mondial de biodiversit\u00e9 et de patrimoine culturel La zone de conservation de Ngorongoro (NCA), situ\u00e9e dans le nord de la Tanzanie, est l\u2019une des zones de conservation les plus remarquables au monde, alliant des paysages \u00e0 couper le souffle, une biodiversit\u00e9 sans [&hellip;]","og_url":"https:\/\/goswahiliadventure.com\/fr\/zone-de-conservation-du-ngorongoro\/","og_site_name":"GoSwahili Adventure","article_publisher":"https:\/\/www.facebook.com\/GoSwahiliAdventure?mibextid=wwXIfr&rdid=YyYoXYpEJYG3biBn&share_url=httpswww.facebook.comshare15seWCRZNJmibextidwwXIfr#","article_modified_time":"2025-01-30T16:21:02+00:00","twitter_card":"summary_large_image","twitter_misc":{"Dur\u00e9e de lecture estim\u00e9e":"6 minutes"},"schema":{"@context":"https:\/\/schema.org","@graph":[{"@type":"WebPage","@id":"https:\/\/goswahiliadventure.com\/fr\/zone-de-conservation-du-ngorongoro\/","url":"https:\/\/goswahiliadventure.com\/fr\/zone-de-conservation-du-ngorongoro\/","name":"Zone de conservation du Ngorongoro - GoSwahili Adventure","isPartOf":{"@id":"https:\/\/goswahiliadventure.com\/de\/#website"},"datePublished":"2024-12-16T08:06:16+00:00","dateModified":"2025-01-30T16:21:02+00:00","breadcrumb":{"@id":"https:\/\/goswahiliadventure.com\/fr\/zone-de-conservation-du-ngorongoro\/#breadcrumb"},"inLanguage":"fr-FR","potentialAction":[{"@type":"ReadAction","target":["https:\/\/goswahiliadventure.com\/fr\/zone-de-conservation-du-ngorongoro\/"]}]},{"@type":"BreadcrumbList","@id":"https:\/\/goswahiliadventure.com\/fr\/zone-de-conservation-du-ngorongoro\/#breadcrumb","itemListElement":[{"@type":"ListItem","position":1,"name":"Home","item":"https:\/\/goswahiliadventure.com\/fr\/"},{"@type":"ListItem","position":2,"name":"Zone de conservation du Ngorongoro"}]},{"@type":"WebSite","@id":"https:\/\/goswahiliadventure.com\/de\/#website","url":"https:\/\/goswahiliadventure.com\/de\/","name":"Go Swahili adventure","description":"Travel and Hospitality","publisher":{"@id":"https:\/\/goswahiliadventure.com\/de\/#organization"},"potentialAction":[{"@type":"SearchAction","target":{"@type":"EntryPoint","urlTemplate":"https:\/\/goswahiliadventure.com\/de\/?s={search_term_string}"},"query-input":{"@type":"PropertyValueSpecification","valueRequired":true,"valueName":"search_term_string"}}],"inLanguage":"fr-FR"},{"@type":"Organization","@id":"https:\/\/goswahiliadventure.com\/de\/#organization","name":"Go Swahili adventure","url":"https:\/\/goswahiliadventure.com\/de\/","logo":{"@type":"ImageObject","inLanguage":"fr-FR","@id":"https:\/\/goswahiliadventure.com\/de\/#\/schema\/logo\/image\/","url":"https:\/\/goswahiliadventure.com\/wp-content\/uploads\/2025\/03\/IMG_8940-1-scaled-1.jpg","contentUrl":"https:\/\/goswahiliadventure.com\/wp-content\/uploads\/2025\/03\/IMG_8940-1-scaled-1.jpg","width":2560,"height":1920,"caption":"Go Swahili adventure"},"image":{"@id":"https:\/\/goswahiliadventure.com\/de\/#\/schema\/logo\/image\/"},"sameAs":["https:\/\/www.facebook.com\/GoSwahiliAdventure?mibextid=wwXIfr&rdid=YyYoXYpEJYG3biBn&share_url=httpswww.facebook.comshare15seWCRZNJmibextidwwXIfr#","https:\/\/www.instagram.com\/goswahili_adventure?igsh=MTlsOXRwZTJwc2c1NQ&utm_source=qr"]}]}},"_links":{"self":[{"href":"https:\/\/goswahiliadventure.com\/fr\/wp-json\/wp\/v2\/pages\/1284","targetHints":{"allow":["GET"]}}],"collection":[{"href":"https:\/\/goswahiliadventure.com\/fr\/wp-json\/wp\/v2\/pages"}],"about":[{"href":"https:\/\/goswahiliadventure.com\/fr\/wp-json\/wp\/v2\/types\/page"}],"author":[{"embeddable":true,"href":"https:\/\/goswahiliadventure.com\/fr\/wp-json\/wp\/v2\/users\/1"}],"replies":[{"embeddable":true,"href":"https:\/\/goswahiliadventure.com\/fr\/wp-json\/wp\/v2\/comments?post=1284"}],"version-history":[{"count":3,"href":"https:\/\/goswahiliadventure.com\/fr\/wp-json\/wp\/v2\/pages\/1284\/revisions"}],"predecessor-version":[{"id":1647,"href":"https:\/\/goswahiliadventure.com\/fr\/wp-json\/wp\/v2\/pages\/1284\/revisions\/1647"}],"wp:attachment":[{"href":"https:\/\/goswahiliadventure.com\/fr\/wp-json\/wp\/v2\/media?parent=1284"}],"curies":[{"name":"wp","href":"https:\/\/api.w.org\/{rel}","templated":true}]}}